{"id":1291,"date":"2020-03-09T23:31:28","date_gmt":"2020-03-09T22:31:28","guid":{"rendered":"http:\/\/dev.riccardo-flemming.de\/draude.de\/tischlerei\/?page_id=1291"},"modified":"2020-11-04T00:05:14","modified_gmt":"2020-11-03T23:05:14","slug":"fenster-und-tueren","status":"publish","type":"page","link":"https:\/\/draude.de\/design\/produkte\/fenster-und-tueren\/?lang=de","title":{"rendered":"Fenster und T\u00fcren"},"content":{"rendered":"<section class=\"kc-elm kc-css-566410 kc_row\"><div class=\"kc-row-container  kc-container\"><div class=\"kc-wrap-columns\"><div class=\"kc-elm kc-css-711964 kc_col-sm-12 kc_column kc_col-sm-12\"><div class=\"kc-col-container\"><div class=\"kc-elm kc-css-329937 kc_row kc_row_inner\"><div class=\"kc-elm kc-css-558494 kc_col-sm-8 kc_column_inner kc_col-sm-8\"><div class=\"kc_wrapper kc-col-inner-container\"><div class=\"kc-elm kc-css-323825\">\n\t<div class=\"kc-carousel_images kc-elm kc-css-323825\">\n\t\n\t\t<div class=\"kc-carousel-images owl-carousel-images kc-sync1  owl-nav-arrow\" data-owl-i-options='{\"items\":\"1\",\"tablet\":\"1\",\"mobile\":\"1\",\"speed\":\"500\",\"navigation\":\"yes\",\"pagination\":\"\",\"autoheight\":\"\",\"progressbar\":\"\",\"delay\":\"8\",\"autoplay\":\"yes\",\"showthumb\":\"\",\"num_thumb\":\"5\"}'>\n\t\n\t\t\t\t\t<div class=\"item\">\n\t\n\t\t\t\t\t\t\t<img decoding=\"async\" src=\"https:\/\/draude.de\/design\/wp-content\/uploads\/sites\/3\/2020\/10\/draude-design_haustuer_03.jpg\"  alt=\"\"\/>\n\t\n\t\t\t\t\n\t\t\t<\/div>\n\t\n\t\t\t\t\t<div class=\"item\">\n\t\n\t\t\t\t\t\t\t<img decoding=\"async\" src=\"https:\/\/draude.de\/design\/wp-content\/uploads\/sites\/3\/2020\/10\/draude-design_haustuer_04.jpg\"  alt=\"\"\/>\n\t\n\t\t\t\t\n\t\t\t<\/div>\n\t\n\t\t\t\t\t<div class=\"item\">\n\t\n\t\t\t\t\t\t\t<img decoding=\"async\" src=\"https:\/\/draude.de\/design\/wp-content\/uploads\/sites\/3\/2020\/10\/draude-design_haustuer_05.jpg\"  alt=\"\"\/>\n\t\n\t\t\t\t\n\t\t\t<\/div>\n\t\n\t\t\t\t\t<div class=\"item\">\n\t\n\t\t\t\t\t\t\t<img decoding=\"async\" src=\"https:\/\/draude.de\/design\/wp-content\/uploads\/sites\/3\/2020\/07\/draude-design_haustuer_01.jpg\"  alt=\"\"\/>\n\t\n\t\t\t\t\n\t\t\t<\/div>\n\t\n\t\t\t\t\t<div class=\"item\">\n\t\n\t\t\t\t\t\t\t<img decoding=\"async\" src=\"https:\/\/draude.de\/design\/wp-content\/uploads\/sites\/3\/2020\/07\/draude-design_haustuer_02.jpg\"  alt=\"\"\/>\n\t\n\t\t\t\t\n\t\t\t<\/div>\n\t\n\t\t\t\n\t\t<\/div>\n\t\n\t\t\t<\/div>\n<\/div>\n<\/div><\/div><div class=\"kc-elm kc-css-196180 kc_col-sm-4 kc_column_inner kc_col-sm-4 produkte-liste\"><div class=\"kc_wrapper kc-col-inner-container\"><div class=\"kc-elm kc-css-132668 kc_text_block produkte-liste\"><\/p>\n<ul>\n<li><a href=\"https:\/\/draude.de\/design\/produkte\/fenster-und-tueren\/fenster-system-fb5-flaechenbuendig\/\">Fenster System \u2013 FB5 fl\u00e4chenb\u00fcndig<\/a><\/li>\n<li><a href=\"https:\/\/draude.de\/design\/produkte\/fenster-und-tueren\/fenster-system-fvng-flaechenversetzt\/\">Fenster System \u2013 FVNG fl\u00e4chenversetzt<\/a><\/li>\n<li><a href=\"https:\/\/draude.de\/design\/produkte\/fenster-und-tueren\/fenster-system-sl-integral\/\">Fenster System \u2013 SL integral<\/a><\/li>\n<li><a href=\"https:\/\/draude.de\/design\/produkte\/fenster-und-tueren\/fenster-system-se-fvng-passivhaus\/\">Fenster System \u2013 SE FVNG Passivhaus<\/a><\/li>\n<li><a href=\"https:\/\/draude.de\/design\/produkte\/fenster-und-tueren\/eingangsanlagen\">T\u00fcren &amp; Eingangsanlagen<\/a><\/li>\n<li><a href=\"https:\/\/draude.de\/design\/produkte\/fenster-und-tueren\/hebe-schiebe-anlagen\">Hebe-Schiebe-Anlagen<\/a><\/li>\n<\/ul>\n<p>\n<\/div><\/div><\/div><\/div><div id=\"fenster\" class=\"kc-elm kc-css-188083 kc_row kc_row_inner\"><div class=\"kc-elm kc-css-184114 kc_col-sm-12 kc_column_inner kc_col-sm-12\"><div class=\"kc_wrapper kc-col-inner-container\">\n<div class=\"kc-elm kc-css-193918 kc-title-wrap \">\n\n\t<h1 class=\"kc_title\">Holz-Aluminium-Fenster \u2013 seit Jahrzehnten ein Erfolg<\/h1>\n<\/div>\n<div class=\"kc-elm kc-css-121237 kc_text_block\"><\/p>\n<p>Eine anf\u00e4ngliche Idee hat sich etabliert und h\u00f6chsten Komfort bewiesen. Die Vorteile \u00fcberzeugen Kenner: eine \u00fcberaus lange Lebensdauer und das Wissen, dass Sie zum Schutz von \u00e4u\u00dferer Verwitterung nie wieder einen sp\u00e4teren Anstrich ben\u00f6tigen werden &#8211; hier sch\u00fctzt das nahezu unverw\u00fcstliche Aluminium. Innen schaffen nat\u00fcrliche Sch\u00f6nheit und Eleganz von Holz eine freundliche und behagliche Atmosph\u00e4re.<\/p>\n<p>Entscheidende Produktmerkmale: modernes Design, h\u00f6chste Anspr\u00fcche an W\u00e4rmed\u00e4mmung, Schalld\u00e4mmniveau, Wetter-, Wind- und Regenlast, robuste Konstruktion bei niedrigem W\u00e4rmedurchgangskoeffizient.<\/p>\n<p>\n<\/div><\/div><\/div><\/div>\n<div class=\"kc-elm kc-css-982868 divider_line\">\n\t<div class=\"divider_inner divider_line1\">\n\t\t\t<\/div>\n<\/div>\n<div class=\"kc-elm kc-css-700672 kc_row kc_row_inner\"><div class=\"kc-elm kc-css-168605 kc_col-sm-6 kc_column_inner kc_col-sm-6\"><div class=\"kc_wrapper kc-col-inner-container\"><div class=\"kc-elm kc-css-507474 kc_text_block\"><\/p>\n<p>PVC \/ Kunststoff-Elemente: auf Anfrage<\/p>\n<p>\n<\/div><\/div><\/div><div class=\"kc-elm kc-css-481912 kc_col-sm-6 kc_column_inner kc_col-sm-6\"><div class=\"kc_wrapper kc-col-inner-container\"><div class=\"kc-elm kc-css-523496 kc_text_block\"><\/p>\n<p>Aluminium-Elemente: auf Anfrage<\/p>\n<p>\n<\/div><\/div><\/div><\/div><\/div><\/div><\/div><\/div><\/section>\n","protected":false},"excerpt":{"rendered":"","protected":false},"author":1,"featured_media":0,"parent":783,"menu_order":20,"comment_status":"closed","ping_status":"closed","template":"","meta":{"footnotes":""},"_links":{"self":[{"href":"https:\/\/draude.de\/design\/wp-json\/wp\/v2\/pages\/1291"}],"collection":[{"href":"https:\/\/draude.de\/design\/wp-json\/wp\/v2\/pages"}],"about":[{"href":"https:\/\/draude.de\/design\/wp-json\/wp\/v2\/types\/page"}],"author":[{"embeddable":true,"href":"https:\/\/draude.de\/design\/wp-json\/wp\/v2\/users\/1"}],"replies":[{"embeddable":true,"href":"https:\/\/draude.de\/design\/wp-json\/wp\/v2\/comments?post=1291"}],"version-history":[{"count":5,"href":"https:\/\/draude.de\/design\/wp-json\/wp\/v2\/pages\/1291\/revisions"}],"predecessor-version":[{"id":2890,"href":"https:\/\/draude.de\/design\/wp-json\/wp\/v2\/pages\/1291\/revisions\/2890"}],"up":[{"embeddable":true,"href":"https:\/\/draude.de\/design\/wp-json\/wp\/v2\/pages\/783"}],"wp:attachment":[{"href":"https:\/\/draude.de\/design\/wp-json\/wp\/v2\/media?parent=1291"}],"curies":[{"name":"wp","href":"https:\/\/api.w.org\/{rel}","templated":true}]}}