{"id":1306,"date":"2020-03-09T23:37:47","date_gmt":"2020-03-09T22:37:47","guid":{"rendered":"http:\/\/dev.riccardo-flemming.de\/draude.de\/tischlerei\/?page_id=1306"},"modified":"2020-10-30T21:29:02","modified_gmt":"2020-10-30T20:29:02","slug":"beschattungsanlagen-und-sichtschutz","status":"publish","type":"page","link":"https:\/\/draude.de\/design\/produkte\/beschattungsanlagen-und-sichtschutz\/?lang=de","title":{"rendered":"Beschattungsanlagen und Sichtschutz"},"content":{"rendered":"<section class=\"kc-elm kc-css-115122 kc_row\"><div class=\"kc-row-container  kc-container\"><div class=\"kc-wrap-columns\"><div class=\"kc-elm kc-css-463559 kc_col-sm-12 kc_column kc_col-sm-12\"><div class=\"kc-col-container\"><div class=\"kc-elm kc-css-252582 kc_row kc_row_inner\"><div class=\"kc-elm kc-css-500312 kc_col-sm-8 kc_column_inner kc_col-sm-8\"><div class=\"kc_wrapper kc-col-inner-container\"><div class=\"kc-elm kc-css-615711\">\n\t<div class=\"kc-carousel_images kc-elm kc-css-615711\">\n\t\n\t\t<div class=\"kc-carousel-images owl-carousel-images kc-sync1  owl-nav-arrow\" data-owl-i-options='{\"items\":\"1\",\"tablet\":\"1\",\"mobile\":\"1\",\"speed\":\"500\",\"navigation\":\"yes\",\"pagination\":\"\",\"autoheight\":\"\",\"progressbar\":\"\",\"delay\":\"8\",\"autoplay\":\"yes\",\"showthumb\":\"\",\"num_thumb\":\"5\"}'>\n\t\n\t\t\t\t\t<div class=\"item\">\n\t\n\t\t\t\t\t\t\t<img decoding=\"async\" src=\"https:\/\/draude.de\/design\/wp-content\/uploads\/sites\/3\/2020\/05\/draude_fenster_und_beschattungssysteme1.jpg\"  alt=\"\"\/>\n\t\n\t\t\t\t\n\t\t\t<\/div>\n\t\n\t\t\t\t\t<div class=\"item\">\n\t\n\t\t\t\t\t\t\t<img decoding=\"async\" src=\"https:\/\/draude.de\/design\/wp-content\/uploads\/sites\/3\/2020\/05\/draude_fenster_und_beschattungssysteme5.jpg\"  alt=\"\"\/>\n\t\n\t\t\t\t\n\t\t\t<\/div>\n\t\n\t\t\t\t\t<div class=\"item\">\n\t\n\t\t\t\t\t\t\t<img decoding=\"async\" src=\"https:\/\/draude.de\/design\/wp-content\/uploads\/sites\/3\/2020\/02\/draude_beschattungssysteme2.jpg\"  alt=\"\"\/>\n\t\n\t\t\t\t\n\t\t\t<\/div>\n\t\n\t\t\t\t\t<div class=\"item\">\n\t\n\t\t\t\t\t\t\t<img decoding=\"async\" src=\"https:\/\/draude.de\/design\/wp-content\/uploads\/sites\/3\/2020\/05\/draude_fenster_und_beschattungssysteme4.jpg\"  alt=\"\"\/>\n\t\n\t\t\t\t\n\t\t\t<\/div>\n\t\n\t\t\t\t\t<div class=\"item\">\n\t\n\t\t\t\t\t\t\t<img decoding=\"async\" src=\"https:\/\/draude.de\/design\/wp-content\/uploads\/sites\/3\/2020\/05\/draude_fenster_und_beschattungssysteme6.jpg\"  alt=\"\"\/>\n\t\n\t\t\t\t\n\t\t\t<\/div>\n\t\n\t\t\t\t\t<div class=\"item\">\n\t\n\t\t\t\t\t\t\t<img decoding=\"async\" src=\"https:\/\/draude.de\/design\/wp-content\/uploads\/sites\/3\/2020\/02\/draude_beschattungssysteme.jpg\"  alt=\"\"\/>\n\t\n\t\t\t\t\n\t\t\t<\/div>\n\t\n\t\t\t\t\t<div class=\"item\">\n\t\n\t\t\t\t\t\t\t<img decoding=\"async\" src=\"https:\/\/draude.de\/design\/wp-content\/uploads\/sites\/3\/2020\/05\/draude_fenster_und_beschattungssysteme3.jpg\"  alt=\"\"\/>\n\t\n\t\t\t\t\n\t\t\t<\/div>\n\t\n\t\t\t\t\t<div class=\"item\">\n\t\n\t\t\t\t\t\t\t<img decoding=\"async\" src=\"https:\/\/draude.de\/design\/wp-content\/uploads\/sites\/3\/2020\/05\/draude_fenster_und_beschattungssysteme2.jpg\"  alt=\"\"\/>\n\t\n\t\t\t\t\n\t\t\t<\/div>\n\t\n\t\t\t\n\t\t<\/div>\n\t\n\t\t\t<\/div>\n<\/div>\n<\/div><\/div><div class=\"kc-elm kc-css-631129 kc_col-sm-4 kc_column_inner kc_col-sm-4 produkte-liste\"><div class=\"kc_wrapper kc-col-inner-container\"><div class=\"kc-elm kc-css-706714 kc_text_block produkte-liste\"><\/p>\n<ul>\n<li><a href=\"#beschattung-sichtschutz\">Beschattungsanlagen und Sichtschutz<\/a><\/li>\n<li><a href=\"#insektenschutz\">Insektenschutz<\/a><\/li>\n<\/ul>\n<p>\n<\/div><\/div><\/div><\/div><div id=\"beschattung-sichtschutz\" class=\"kc-elm kc-css-763306 kc_row kc_row_inner\"><div class=\"kc-elm kc-css-311486 kc_col-sm-12 kc_column_inner kc_col-sm-12\"><div class=\"kc_wrapper kc-col-inner-container\">\n<div class=\"kc-elm kc-css-401872 kc-title-wrap \">\n\n\t<h1 class=\"kc_title\">Beschattungsanlagen und Sichtschutz<\/h1>\n<\/div>\n<\/div><\/div><\/div><div id=\"haustueren\" class=\"kc-elm kc-css-20689 kc_row kc_row_inner\"><div class=\"kc-elm kc-css-808751 kc_col-sm-12 kc_column_inner kc_col-sm-12\"><div class=\"kc_wrapper kc-col-inner-container\"><div class=\"kc-elm kc-css-683728 kc_text_block\"><\/p>\n<p>Rolll\u00e4den, Raffstores, Faltstores, Jalousien: Wir alle lieben es, wenn die Sonne scheint. Allerdings kann es im Sommer auch schnell einmal zu hei\u00df werden, dann sind wirksame Schattenspender gefragt. Eine Entscheidung steht an: ein durchdachter Sonnenschutz, innen oder au\u00dfen? Generell gilt ein au\u00dfenliegender Sonnenschutz als effektivste L\u00f6sung, da die w\u00e4rmenden Sonnenstrahlen erst gar nicht in das Innere des Geb\u00e4udes gelangen.<\/p>\n<p>Rolll\u00e4den und Fensterl\u00e4den &#8211; dichtschlie\u00dfende Rolll\u00e4den und Fensterl\u00e4den sind eine stabile Variante des Sonnen-, Licht- und Schallschutzes. Sie k\u00f6nnen teil- oder komplett abdunkeln und unterst\u00fctzen die ungest\u00f6rte Nachtruhe. Dar\u00fcber hinaus stellen Sie eine zus\u00e4tzliche Barriere f\u00fcr Langfinder dar und sch\u00fctzen energieeffizient die Fensterfl\u00e4chen in kalten Monaten vor W\u00e4rmeverlusten.<\/p>\n<p>Raffstores I Jalousien &#8211; sie erm\u00f6glichen durch einzelne Lamellen eine stufenlose Einstellung und Anpassung an vorhandene Lichtverh\u00e4ltnisse. Die Steuerung kann manuell oder elektronisch z.B. \u00fcber eine App erfolgen, somit kann der Lichteinfall individuell angepasst und dosiert werden.<\/p>\n<p>Faltstores I Plissees &#8211; bereits die alten Chinesen verstanden es, mit gefaltetem Papier, Licht und Schatten auf sch\u00f6ne Art und Weise zu kontrollieren. Heute ist die Technik selbstverst\u00e4ndlich viel ausgefeilter, sie gelten als wahre Multitalente f\u00fcr Fensterfl\u00e4chen. Faltstores werden aus strapazierf\u00e4higem Gewebe gefertigt, die dennoch zart und luftig wirken. Luftdurchl\u00e4ssig tauchen sie jeden Raum in eine stimmungsvolle Atmosph\u00e4re und geben weiche Leichteffekte. Durch die aluminiumbedampfte Au\u00dfenseite reflektieren sie die W\u00e4rmestrahlen und bieten nachts zudem perfekten Sichtschutz. Zahlreiche Sonderformate (runde, trapezf\u00f6rmige oder dreieckige Fenster) lassen sich best\u00fccken und beschatten.<\/p>\n<p>Au\u00dfenliegende Stoffrollos (UV-best\u00e4ndiger Markisenstoff): Sie setzen durch zahlreiche Farben und Designs optische Akzente im Ansichtsbereich der Fassade. Gro\u00dfes Plus \u2013 sie erzeugen eine angenehme D\u00e4mpfung des Lichts und werden bevorzugt an B\u00fcrogeb\u00e4uden verbaut.<\/p>\n<p>\n<\/div><\/div><\/div><\/div>\n<div class=\"kc-elm kc-css-41324 divider_line\">\n\t<div class=\"divider_inner divider_line1\">\n\t\t\t<\/div>\n<\/div>\n<div id=\"insektenschutz\" class=\"kc-elm kc-css-866909 kc_row kc_row_inner\"><div class=\"kc-elm kc-css-808132 kc_col-sm-12 kc_column_inner kc_col-sm-12\"><div class=\"kc_wrapper kc-col-inner-container\"><div class=\"kc-elm kc-css-491829 kc_text_block\"><\/p>\n<h3>Insektenschutz<\/h3>\n<p>Machen Sie jeden Raum zur insektenfreien Zone: Wirkungsvoll, elegant und umweltfreundlich! Frische Luft ohne l\u00e4stige Plagegeister \u2013 ein unbeschwerter Genuss \u2013 eben ein St\u00fcck echte Lebensqualit\u00e4t.<\/p>\n<p>Das Herzst\u00fcck jedes Insektenschutzgitters ist das Gewebe selbst, bestehend aus maschenfestverschweistem Fiberglasgewebe in den Farben grau oder schwarz. Es ist rostfrei, korrosionsbest\u00e4ndig und rei\u00dffest. Auf Wunsch sind die Gewebe beispielsweise f\u00fcr den Kellerbereich auch in Edelstahl oder Aluminium einsetzbar.<\/p>\n<p>\n<\/div><\/div><\/div><\/div><\/div><\/div><\/div><\/div><\/section>\n","protected":false},"excerpt":{"rendered":"","protected":false},"author":1,"featured_media":0,"parent":783,"menu_order":30,"comment_status":"closed","ping_status":"closed","template":"","meta":{"footnotes":""},"_links":{"self":[{"href":"https:\/\/draude.de\/design\/wp-json\/wp\/v2\/pages\/1306"}],"collection":[{"href":"https:\/\/draude.de\/design\/wp-json\/wp\/v2\/pages"}],"about":[{"href":"https:\/\/draude.de\/design\/wp-json\/wp\/v2\/types\/page"}],"author":[{"embeddable":true,"href":"https:\/\/draude.de\/design\/wp-json\/wp\/v2\/users\/1"}],"replies":[{"embeddable":true,"href":"https:\/\/draude.de\/design\/wp-json\/wp\/v2\/comments?post=1306"}],"version-history":[{"count":1,"href":"https:\/\/draude.de\/design\/wp-json\/wp\/v2\/pages\/1306\/revisions"}],"predecessor-version":[{"id":2459,"href":"https:\/\/draude.de\/design\/wp-json\/wp\/v2\/pages\/1306\/revisions\/2459"}],"up":[{"embeddable":true,"href":"https:\/\/draude.de\/design\/wp-json\/wp\/v2\/pages\/783"}],"wp:attachment":[{"href":"https:\/\/draude.de\/design\/wp-json\/wp\/v2\/media?parent=1306"}],"curies":[{"name":"wp","href":"https:\/\/api.w.org\/{rel}","templated":true}]}}