{"id":2035,"date":"2020-07-20T23:05:29","date_gmt":"2020-07-20T21:05:29","guid":{"rendered":"http:\/\/dev.riccardo-flemming.de\/draude.de\/tischlerei\/?page_id=2035"},"modified":"2020-10-30T21:31:48","modified_gmt":"2020-10-30T20:31:48","slug":"moebelbau-individuelle-einbauelemente-festeinbauten","status":"publish","type":"page","link":"https:\/\/draude.de\/design\/produkte\/moebelbau-individuelle-einbauelemente-festeinbauten\/?lang=de","title":{"rendered":"M\u00f6belbau I individuelle Einbauelemente I Festeinbauten"},"content":{"rendered":"<section class=\"kc-elm kc-css-459112 kc_row\"><div class=\"kc-row-container  kc-container\"><div class=\"kc-wrap-columns\"><div class=\"kc-elm kc-css-246050 kc_col-sm-12 kc_column kc_col-sm-12\"><div class=\"kc-col-container\"><div class=\"kc-elm kc-css-977704 kc_row kc_row_inner\"><div class=\"kc-elm kc-css-572877 kc_col-sm-8 kc_column_inner kc_col-sm-8\"><div class=\"kc_wrapper kc-col-inner-container\"><div class=\"kc-elm kc-css-446364\">\n\t<div class=\"kc-carousel_images kc-elm kc-css-446364\">\n\t\n\t\t<div class=\"kc-carousel-images owl-carousel-images kc-sync1  owl-nav-arrow\" data-owl-i-options='{\"items\":\"1\",\"tablet\":\"1\",\"mobile\":\"1\",\"speed\":\"500\",\"navigation\":\"yes\",\"pagination\":\"\",\"autoheight\":\"\",\"progressbar\":\"\",\"delay\":\"8\",\"autoplay\":\"yes\",\"showthumb\":\"\",\"num_thumb\":\"5\"}'>\n\t\n\t\t\t\t\t<div class=\"item\">\n\t\n\t\t\t\t\t\t\t<img decoding=\"async\" src=\"https:\/\/draude.de\/design\/wp-content\/uploads\/sites\/3\/2020\/02\/draude_moebel_und_kuechenbau7.jpg\"  alt=\"\"\/>\n\t\n\t\t\t\t\n\t\t\t<\/div>\n\t\n\t\t\t\t\t<div class=\"item\">\n\t\n\t\t\t\t\t\t\t<img decoding=\"async\" src=\"https:\/\/draude.de\/design\/wp-content\/uploads\/sites\/3\/2020\/02\/draude_moebel_und_kuechenbau5.jpg\"  alt=\"\"\/>\n\t\n\t\t\t\t\n\t\t\t<\/div>\n\t\n\t\t\t\t\t<div class=\"item\">\n\t\n\t\t\t\t\t\t\t<img decoding=\"async\" src=\"https:\/\/draude.de\/design\/wp-content\/uploads\/sites\/3\/2020\/02\/draude_moebel_und_kuechenbau4.jpg\"  alt=\"\"\/>\n\t\n\t\t\t\t\n\t\t\t<\/div>\n\t\n\t\t\t\n\t\t<\/div>\n\t\n\t\t\t<\/div>\n<\/div>\n<\/div><\/div><div class=\"kc-elm kc-css-10111 kc_col-sm-4 kc_column_inner kc_col-sm-4 produkte-liste\"><div class=\"kc_wrapper kc-col-inner-container\"><div class=\"kc-elm kc-css-17078 kc_text_block produkte-liste\"><\/p>\n<ul>\n<li><a href=\"#moebel\">M\u00f6bel<\/a><\/li>\n<\/ul>\n<p>\n<\/div><\/div><\/div><\/div><div class=\"kc-elm kc-css-102284 kc_row kc_row_inner\"><div class=\"kc-elm kc-css-849340 kc_col-sm-12 kc_column_inner kc_col-sm-12\"><div class=\"kc_wrapper kc-col-inner-container\">\n<div class=\"kc-elm kc-css-516331 kc-title-wrap \">\n\n\t<h1 class=\"kc_title\">M\u00f6belbau I individuelle Einbauelemente I Festeinbauten<\/h1>\n<\/div>\n<\/div><\/div><\/div><div class=\"kc-elm kc-css-906350 kc_row kc_row_inner\"><div class=\"kc-elm kc-css-808271 kc_col-sm-12 kc_column_inner kc_col-sm-12\"><div class=\"kc_wrapper kc-col-inner-container\">\n<div class=\"kc-elm kc-css-234352 kc-title-wrap \">\n\n\t<h2 class=\"kc_title\">M\u00f6bel<\/h2>\n<\/div>\n<div class=\"kc-elm kc-css-693921 kc_text_block\"><\/p>\n<p>Die M\u00f6bel, mit denen Sie sich t\u00e4glich umgeben, sind Ihre Visitenkarte.<\/p>\n<p>Unsere Inneneinrichtungen bewahren ihren Charakter, ihre Qualit\u00e4t und bieten Ihnen Freir\u00e4ume f\u00fcr individuelle Kreativit\u00e4t.<\/p>\n<p>Individualit\u00e4t braucht Raum \u2013 den wir gerne f\u00fcr Sie planen und gestalten werden. Jedes Designerst\u00fcck ist ein echtes Unikat und macht jeden Raum zu etwas ganz besonderem.<\/p>\n<p>Jede Generation hat ihre eigenen Wertvorstellungen.\u00a0Es gibt aber auch Ausnahmen; das Bed\u00fcrfnis nach einem echten Zuhause zum Beispiel.\u00a0Aus diesem Grund wird Wohnen mit echten Werten immer \u00f6fter zur Familientradition.<\/p>\n<p>Hochwertigkeit, Flexibilit\u00e4t und Individualit\u00e4t sowie Strapazierf\u00e4higkeit und Ergonomie sind \u00fcberzeugende Gr\u00fcnde, sich bewusst f\u00fcr hochwertig verarbeitete M\u00f6belelemente der Firma Draude zu entscheiden.<\/p>\n<p>Lassen Sie Qualit\u00e4t zum Ausdruck Ihres pers\u00f6nlichen Lebensstils werden und vermitteln Sie der n\u00e4chsten Generation das gute Gef\u00fchl zu Hause zu sein.<\/p>\n<p>\n<\/div><\/div><\/div><\/div><\/div><\/div><\/div><\/div><\/section>\n","protected":false},"excerpt":{"rendered":"","protected":false},"author":1,"featured_media":0,"parent":783,"menu_order":40,"comment_status":"closed","ping_status":"closed","template":"","meta":{"footnotes":""},"_links":{"self":[{"href":"https:\/\/draude.de\/design\/wp-json\/wp\/v2\/pages\/2035"}],"collection":[{"href":"https:\/\/draude.de\/design\/wp-json\/wp\/v2\/pages"}],"about":[{"href":"https:\/\/draude.de\/design\/wp-json\/wp\/v2\/types\/page"}],"author":[{"embeddable":true,"href":"https:\/\/draude.de\/design\/wp-json\/wp\/v2\/users\/1"}],"replies":[{"embeddable":true,"href":"https:\/\/draude.de\/design\/wp-json\/wp\/v2\/comments?post=2035"}],"version-history":[{"count":1,"href":"https:\/\/draude.de\/design\/wp-json\/wp\/v2\/pages\/2035\/revisions"}],"predecessor-version":[{"id":2462,"href":"https:\/\/draude.de\/design\/wp-json\/wp\/v2\/pages\/2035\/revisions\/2462"}],"up":[{"embeddable":true,"href":"https:\/\/draude.de\/design\/wp-json\/wp\/v2\/pages\/783"}],"wp:attachment":[{"href":"https:\/\/draude.de\/design\/wp-json\/wp\/v2\/media?parent=2035"}],"curies":[{"name":"wp","href":"https:\/\/api.w.org\/{rel}","templated":true}]}}