{"id":2038,"date":"2020-07-20T23:07:07","date_gmt":"2020-07-20T21:07:07","guid":{"rendered":"http:\/\/dev.riccardo-flemming.de\/draude.de\/tischlerei\/?page_id=2038"},"modified":"2020-10-30T21:32:41","modified_gmt":"2020-10-30T20:32:41","slug":"design-kuechenelemente-i-hochwertige-einbaukuechen","status":"publish","type":"page","link":"https:\/\/draude.de\/design\/design-kuechenelemente-i-hochwertige-einbaukuechen\/?lang=de","title":{"rendered":"Design-K\u00fcchenelemente I hochwertige Einbauk\u00fcchen"},"content":{"rendered":"<section class=\"kc-elm kc-css-935297 kc_row\"><div class=\"kc-row-container  kc-container\"><div class=\"kc-wrap-columns\"><div class=\"kc-elm kc-css-618275 kc_col-sm-12 kc_column kc_col-sm-12\"><div class=\"kc-col-container\"><div class=\"kc-elm kc-css-362098 kc_row kc_row_inner\"><div class=\"kc-elm kc-css-575545 kc_col-sm-8 kc_column_inner kc_col-sm-8\"><div class=\"kc_wrapper kc-col-inner-container\"><div class=\"kc-elm kc-css-237469\">\n\t<div class=\"kc-carousel_images kc-elm kc-css-237469\">\n\t\n\t\t<div class=\"kc-carousel-images owl-carousel-images kc-sync1  owl-nav-arrow\" data-owl-i-options='{\"items\":\"1\",\"tablet\":\"1\",\"mobile\":\"1\",\"speed\":\"500\",\"navigation\":\"yes\",\"pagination\":\"\",\"autoheight\":\"\",\"progressbar\":\"\",\"delay\":\"8\",\"autoplay\":\"yes\",\"showthumb\":\"\",\"num_thumb\":\"5\"}'>\n\t\n\t\t\t\t\t<div class=\"item\">\n\t\n\t\t\t\t\t\t\t<img decoding=\"async\" src=\"https:\/\/draude.de\/design\/wp-content\/uploads\/sites\/3\/2020\/02\/draude_moebel_und_kuechenbau2.jpg\"  alt=\"\"\/>\n\t\n\t\t\t\t\n\t\t\t<\/div>\n\t\n\t\t\t\t\t<div class=\"item\">\n\t\n\t\t\t\t\t\t\t<img decoding=\"async\" src=\"https:\/\/draude.de\/design\/wp-content\/uploads\/sites\/3\/2020\/02\/draude_moebel_und_kuechenbau3.jpg\"  alt=\"\"\/>\n\t\n\t\t\t\t\n\t\t\t<\/div>\n\t\n\t\t\t\t\t<div class=\"item\">\n\t\n\t\t\t\t\t\t\t<img decoding=\"async\" src=\"https:\/\/draude.de\/design\/wp-content\/uploads\/sites\/3\/2020\/02\/draude_moebel_und_kuechenbau4.jpg\"  alt=\"\"\/>\n\t\n\t\t\t\t\n\t\t\t<\/div>\n\t\n\t\t\t\t\t<div class=\"item\">\n\t\n\t\t\t\t\t\t\t<img decoding=\"async\" src=\"https:\/\/draude.de\/design\/wp-content\/uploads\/sites\/3\/2020\/02\/draude_moebel_und_kuechenbau5.jpg\"  alt=\"\"\/>\n\t\n\t\t\t\t\n\t\t\t<\/div>\n\t\n\t\t\t\t\t<div class=\"item\">\n\t\n\t\t\t\t\t\t\t<img decoding=\"async\" src=\"https:\/\/draude.de\/design\/wp-content\/uploads\/sites\/3\/2020\/02\/draude_moebel_und_kuechenbau7.jpg\"  alt=\"\"\/>\n\t\n\t\t\t\t\n\t\t\t<\/div>\n\t\n\t\t\t\n\t\t<\/div>\n\t\n\t\t\t<\/div>\n<\/div>\n<\/div><\/div><div class=\"kc-elm kc-css-996652 kc_col-sm-4 kc_column_inner kc_col-sm-4 produkte-liste\"><div class=\"kc_wrapper kc-col-inner-container\"><div class=\"kc-elm kc-css-648257 kc_text_block produkte-liste\"><\/p>\n<ul>\n<li><a href=\"#kuechen\">Design- &#038; Wohnk\u00fcchen<\/a><\/li>\n<li><a href=\"#einbaugeraete\">Einbauger\u00e4te<\/a><\/li>\n<\/ul>\n<p>\n<\/div><\/div><\/div><\/div><div class=\"kc-elm kc-css-791741 kc_row kc_row_inner\"><div class=\"kc-elm kc-css-725056 kc_col-sm-12 kc_column_inner kc_col-sm-12\"><div class=\"kc_wrapper kc-col-inner-container\">\n<div class=\"kc-elm kc-css-147568 kc-title-wrap \">\n\n\t<h1 class=\"kc_title\">Design-K\u00fcchenelemente I hochwertige Einbauk\u00fcchen<\/h1>\n<\/div>\n<\/div><\/div><\/div><div class=\"kc-elm kc-css-917565 kc_row kc_row_inner\"><div class=\"kc-elm kc-css-73362 kc_col-sm-12 kc_column_inner kc_col-sm-12\"><div class=\"kc_wrapper kc-col-inner-container\">\n<div class=\"kc-elm kc-css-717576 kc-title-wrap \">\n\n\t<h2 class=\"kc_title\">K\u00fcchen<\/h2>\n<\/div>\n<div class=\"kc-elm kc-css-782665 kc_text_block\"><\/p>\n<p>\nF\u00fcr den ganz besonderen Geschmack. Individuell entworfene und gefertigte K\u00fcchen geh\u00f6ren zu unserem Fachgebiet. Vom Planungsbeginn an stimmen wir die neuen Lebensmittelpunkte perfekt auf Ihre Bed\u00fcrfnisse ab.<\/p>\n<p>Hochwertigkeit, Flexibilit\u00e4t, Individualit\u00e4t, Strapazierf\u00e4higkeit und Ergonomie sind \u00fcberzeugende Gr\u00fcnde, sich bewusst f\u00fcr unsere hochwertig verarbeitete Draude K\u00fcche zu entscheiden.<\/p>\n<p>Ob klassischer Landhausstil oder moderne Kubus-Ansicht, intelligentes Schubladensystem oder ma\u00dfgenaue, ergonomische Integration von Elektroger\u00e4ten \u2013 \u2026 wir finden eine durchdachte und begeisternde L\u00f6sung f\u00fcr jeden Geschmack. Ihr Anspruch ist hoch? \u2026 unser auch. Wir beraten Sie gern.<\/p>\n<p>\n<\/div><\/div><\/div><\/div>\n<div class=\"kc-elm kc-css-588574 divider_line\">\n\t<div class=\"divider_inner divider_line1\">\n\t\t\t<\/div>\n<\/div>\n<div id=\"einbaugeraete\" class=\"kc-elm kc-css-209280 kc_row kc_row_inner\"><div class=\"kc-elm kc-css-138768 kc_col-sm-12 kc_column_inner kc_col-sm-12\"><div class=\"kc_wrapper kc-col-inner-container\">\n<div class=\"kc-elm kc-css-978119 kc-title-wrap \">\n\n\t<h2 class=\"kc_title\">Einbauger\u00e4te<\/h2>\n<\/div>\n<div class=\"kc-elm kc-css-165934 kc_text_block\"><\/p>\n<p>\nKochen in Perfektion \u2013 \u2026 f\u00fcr eine gelungene Komposition auf h\u00f6chstem Niveau bieten wir Ihnen ein harmonisches Zusammenspiel von Technik, Material und Design der Firma Miele. In bew\u00e4hrter Qualit\u00e4t belegen Miele-Ger\u00e4te bei Verbraucherstudien und technischen Test stets beste Pl\u00e4tze und werden regelm\u00e4\u00dfig f\u00fcr Funktionsf\u00e4higkeit, Design und Gebrauchswerte ausgezeichnet \u2013 made in Germany.<\/p>\n<p>Qualit\u00e4t, Funktion und Design in Perfektion.<br \/>Bew\u00e4hrte Miele Qualit\u00e4t \u2013 ein harmonisches Zusammenspiel von Technik, Material und Design \u2013 sind Garant f\u00fcr Kochen in Perfektion. F\u00fcr eine absolut gelungene Komposition auf h\u00f6chstem Niveau!<\/p>\n<p>Miele Ger\u00e4te belegen bei Verbraucherstudien und technischen Test stets beste Pl\u00e4tze. Dabei werden Miele Ger\u00e4te regelm\u00e4\u00dfig f\u00fcr Funktionsf\u00e4higkeit, Design und Gebrauchswerte ausgezeichnet.<\/p>\n<p>\n<\/div><\/div><\/div><\/div><\/div><\/div><\/div><\/div><\/section>\n","protected":false},"excerpt":{"rendered":"","protected":false},"author":1,"featured_media":0,"parent":0,"menu_order":50,"comment_status":"closed","ping_status":"closed","template":"","meta":{"footnotes":""},"_links":{"self":[{"href":"https:\/\/draude.de\/design\/wp-json\/wp\/v2\/pages\/2038"}],"collection":[{"href":"https:\/\/draude.de\/design\/wp-json\/wp\/v2\/pages"}],"about":[{"href":"https:\/\/draude.de\/design\/wp-json\/wp\/v2\/types\/page"}],"author":[{"embeddable":true,"href":"https:\/\/draude.de\/design\/wp-json\/wp\/v2\/users\/1"}],"replies":[{"embeddable":true,"href":"https:\/\/draude.de\/design\/wp-json\/wp\/v2\/comments?post=2038"}],"version-history":[{"count":2,"href":"https:\/\/draude.de\/design\/wp-json\/wp\/v2\/pages\/2038\/revisions"}],"predecessor-version":[{"id":2464,"href":"https:\/\/draude.de\/design\/wp-json\/wp\/v2\/pages\/2038\/revisions\/2464"}],"wp:attachment":[{"href":"https:\/\/draude.de\/design\/wp-json\/wp\/v2\/media?parent=2038"}],"curies":[{"name":"wp","href":"https:\/\/api.w.org\/{rel}","templated":true}]}}