{"id":2045,"date":"2020-07-20T23:24:29","date_gmt":"2020-07-20T21:24:29","guid":{"rendered":"http:\/\/dev.riccardo-flemming.de\/draude.de\/tischlerei\/?page_id=2045"},"modified":"2020-11-04T00:08:01","modified_gmt":"2020-11-03T23:08:01","slug":"fenster-system-fb5-flaechenbuendig","status":"publish","type":"page","link":"https:\/\/draude.de\/design\/produkte\/fenster-und-tueren\/fenster-system-fb5-flaechenbuendig\/?lang=de","title":{"rendered":"Fenster System \u2013 FB5 fl\u00e4chenb\u00fcndig"},"content":{"rendered":"<section class=\"kc-elm kc-css-750880 kc_row\"><div class=\"kc-row-container  kc-container\"><div class=\"kc-wrap-columns\"><div class=\"kc-elm kc-css-32067 kc_col-sm-12 kc_column kc_col-sm-12\"><div class=\"kc-col-container\"><div class=\"kc-elm kc-css-639366 kc_row kc_row_inner\"><div class=\"kc-elm kc-css-716437 kc_col-sm-5 kc_column_inner kc_col-sm-5\"><div class=\"kc_wrapper kc-col-inner-container\"><div class=\"kc-elm kc-css-904795\">\n\t<div class=\"kc-carousel_images kc-elm kc-css-904795\">\n\t\n\t\t<div class=\"kc-carousel-images owl-carousel-images kc-sync1 \" data-owl-i-options='{\"items\":\"1\",\"tablet\":\"1\",\"mobile\":\"1\",\"speed\":\"500\",\"navigation\":\"\",\"pagination\":\"yes\",\"autoheight\":\"\",\"progressbar\":\"\",\"delay\":\"8\",\"autoplay\":\"yes\",\"showthumb\":\"\",\"num_thumb\":\"5\"}'>\n\t\n\t\t\t\t\t<div class=\"item\">\n\t\n\t\t\t\t\t\t\t<img decoding=\"async\" src=\"https:\/\/draude.de\/design\/wp-content\/uploads\/sites\/3\/2020\/10\/batimetTA35_FB5.jpg\"  alt=\"\"\/>\n\t\n\t\t\t\t\n\t\t\t<\/div>\n\t\n\t\t\t\t\t<div class=\"item\">\n\t\n\t\t\t\t\t\t\t<img decoding=\"async\" src=\"https:\/\/draude.de\/design\/wp-content\/uploads\/sites\/3\/2020\/10\/sysbatimetTA35_FB5-2.jpg.png\"  alt=\"\"\/>\n\t\n\t\t\t\t\n\t\t\t<\/div>\n\t\n\t\t\t\n\t\t<\/div>\n\t\n\t\t\t<\/div>\n<\/div>\n<div class=\"kc-elm kc-css-498537 kc_text_block\"><\/p>\n<p><small>Quelle: Batimet \u2013 <a href=\"https:\/\/www.batimet.de\" target=\"_blank\" rel=\"noopener noreferrer\">www.batimet.de<\/a><\/small><\/p>\n<p>\n<\/div><\/div><\/div><div class=\"kc-elm kc-css-121262 kc_col-sm-7 kc_column_inner kc_col-sm-7\"><div class=\"kc_wrapper kc-col-inner-container\"><div class=\"kc-elm kc-css-427769 kc_text_block\"><\/p>\n<p>Rahmenprofil und Fl\u00fcgelprofil bilden eine fl\u00e4chenb\u00fcndige Ebene. Zwischen Glas und Fl\u00fcgelprofil besteht ein Versatz von 8 mm Tiefe. Die Ansichtsbreite des sichtbaren Fl\u00fcgelprofils betr\u00e4gt 33 mm. Bei bestimmten statischen Anforderungen kann das Fl\u00fcgelprofil breiter ausgef\u00fchrt werden. Die Entw\u00e4sserung des Falzbereiches erfolgt durch verdeckte Stanzungen im unteren Profilquerst\u00fcck des Rahmens. Optional kann eine sichtbare Entw\u00e4sserung mit Abdeckkappe ausgef\u00fchrt werden.<\/p>\n<ul>\n<li style=\"list-style-type: none;\">\n<ul>\n<li>Fl\u00fcgelh\u00f6hen bis 3.000 mm<\/li>\n<li>Fl\u00fcgelbreiten bis 1.600 mm<\/li>\n<li>Fl\u00fcgelgewicht als Dreh-Kipp bis 200 kg<\/li>\n<li>Fl\u00fcgelgewicht als Dreh bis 300 kg<\/li>\n<\/ul>\n<\/li>\n<\/ul>\n<p>Die Eckverbindungen der Aluminium-Rahmen werden in geschwei\u00dfter Form ohne sichtbare Fugen ausgef\u00fchrt. Die Beschichtung wird nach den g\u00fcltigen Qualit\u00e4tsrichtlinien f\u00fcr die Beschichtung von Bauteilen aus Aluminium der GSB-International GSB AL 631, bzw. den QUALICOAT-Vorschriften ausgef\u00fchrt.<\/p>\n<p>\n<\/div><div class=\"kc-elm kc-css-357481\" style=\"height: 30px; clear: both; width:100%;\"><\/div><div class=\"kc-elm kc-css-80289 kc-raw-code\"><p><i class=\"fa-thumbs-up\" style=\"color: #e8c379;margin-right:20px;\"><\/i> <strong>TOP UW-WERTE<\/strong><br \/>Uw-Werte \u2265 0,74 W\/m\u00b2K<\/p>\r\n<p><i class=\"fa-bullseye\" style=\"color: #e8c379;margin-right:20px;\"><\/i> <strong>HOLZARTEN<\/strong><br \/>Fichte, Kiefer, Tanne, L\u00e4rche, Eiche, Hemlock, Douglasie<\/p>\r\n<p><i class=\"fa-qrcode\" style=\"color: #e8c379;margin-right:20px;\"><\/i> <strong>OBERFL\u00c4CHEN<\/strong><br \/>RAL, NCS, DB, Eloxal, Metallic, hochwetterfest, seewassertauglich<\/p>\r\n<p><i class=\"fa-wrench\" style=\"color: #e8c379;margin-right:20px;\"><\/i> <strong>ECKVERBINDUNG<\/strong><br \/>Geschweisste Eckverbindung, keine sichtbaren Fugen, dauerhafter Korrosionsschutz<\/p><\/div><\/div><\/div><\/div><div class=\"kc-elm kc-css-465169 kc_row kc_row_inner\"><div class=\"kc-elm kc-css-821742 kc_col-sm-12 kc_column_inner kc_col-sm-12\"><div class=\"kc_wrapper kc-col-inner-container\"><div class=\"kc-elm kc-css-493075 kc_accordion_wrapper\">\n<div class=\"kc-elm kc-css-210936 kc_accordion_section group \"><h3 class=\"kc_accordion_header ui-accordion-header\"><span class=\"ui-accordion-header-icon ui-icon\"><\/span><a href=\"#normen-technik\" data-prevent=\"scroll\"><i class=\"fa-align-justify\"><\/i> Normen &amp; Technik<\/a><\/h3><div class=\"kc_accordion_content ui-accordion-content kc_clearfix\"><div class=\"kc-panel-body\"><div class=\"kc-elm kc-css-173853 kc_text_block\"><\/p>\n<table class=\"table table-striped table-bordered\" style=\"border-collapse: collapse; border-spacing: 0px; background-color: transparent; margin-bottom: 20px; width: 1140px; max-width: 100%; border: 1px solid #dddddd; color: #555555; font-family: Lato, sans-serif;\">\n<tbody>\n<tr>\n<td style=\"padding: 8px; line-height: 1.42857143; vertical-align: top; border: 1px solid #dddddd;\">DIN EN 12207<\/td>\n<td style=\"padding: 8px; line-height: 1.42857143; vertical-align: top; border: 1px solid #dddddd;\">Luftdurchl\u00e4ssigkeit: Klasse 4<\/td>\n<\/tr>\n<tr>\n<td style=\"padding: 8px; line-height: 1.42857143; vertical-align: top; border: 1px solid #dddddd;\">DIN EN 12208<\/td>\n<td style=\"padding: 8px; line-height: 1.42857143; vertical-align: top; border: 1px solid #dddddd;\">Schlagregendichtheit: Klasse E1200<\/td>\n<\/tr>\n<tr>\n<td style=\"padding: 8px; line-height: 1.42857143; vertical-align: top; border: 1px solid #dddddd;\">DIN EN 12210<\/td>\n<td style=\"padding: 8px; line-height: 1.42857143; vertical-align: top; border: 1px solid #dddddd;\">Widerstandsf\u00e4higkeit bei Windlast: Klasse C4<\/td>\n<\/tr>\n<tr>\n<td style=\"padding: 8px; line-height: 1.42857143; vertical-align: top; border: 1px solid #dddddd;\">DIN EN ISO 10077-2<\/td>\n<td style=\"padding: 8px; line-height: 1.42857143; vertical-align: top; border: 1px solid #dddddd;\">Uw \u2265 0,74 W\/m\u00b2K<\/td>\n<\/tr>\n<tr>\n<td style=\"padding: 8px; line-height: 1.42857143; vertical-align: top; border: 1px solid #dddddd;\">DIN EN ISO 717-1<\/td>\n<td style=\"padding: 8px; line-height: 1.42857143; vertical-align: top; border: 1px solid #dddddd;\">Schallschutz: Rwp = 48 dB<\/td>\n<\/tr>\n<tr>\n<td style=\"padding: 8px; line-height: 1.42857143; vertical-align: top; border: 1px solid #dddddd;\">DIN EN 1627<\/td>\n<td style=\"padding: 8px; line-height: 1.42857143; vertical-align: top; border: 1px solid #dddddd;\">Einbruchhemmung: RC1N, RC2N, RC2<\/td>\n<\/tr>\n<tr>\n<td style=\"padding: 8px; line-height: 1.42857143; vertical-align: top; border: 1px solid #dddddd;\">DIN 18008-4<\/td>\n<td style=\"padding: 8px; line-height: 1.42857143; vertical-align: top; border: 1px solid #dddddd;\">TRAV Absturzsicherung: Kategorie A, B, C<\/td>\n<\/tr>\n<\/tbody>\n<\/table>\n<p>\n<\/div><\/div><\/div><\/div><div class=\"kc-elm kc-css-46997 kc_accordion_section group \"><h3 class=\"kc_accordion_header ui-accordion-header\"><span class=\"ui-accordion-header-icon ui-icon\"><\/span><a href=\"#uw-wert-tabelle-produktdatenblatt-ausschreibungstext\" data-prevent=\"scroll\"><i class=\"fa-chart-bar\"><\/i> Uw-Wert Tabelle - Produktdatenblatt - Ausschreibungstext<\/a><\/h3><div class=\"kc_accordion_content ui-accordion-content kc_clearfix\"><div class=\"kc-panel-body\"><div class=\"kc-elm kc-css-794067 kc_text_block\"><\/p>\n<ul>\n<li><a href=\"https:\/\/www.batimet.de\/download\/uvalue\/U_Wert_Tabelle_batimetTA35_FB5.pdf\" target=\"blank\" rel=\"noopener noreferrer\">U-Wert Tabelle &#8211; PDF Download<\/a><\/li>\n<li><a href=\"https:\/\/www.batimet.de\/download\/db\/dbbatimetTA35_FB5.pdf\" target=\"blank\" rel=\"noopener noreferrer\">Produktdatenblatt &#8211; PDF Download<\/a><\/li>\n<li><a href=\"https:\/\/www.batimet.de\/download\/specs\/lvbatimetTA35_FB5.doc\" target=\"blank\" rel=\"noopener noreferrer\">Ausschreibungstext &#8211; Fenstersystem MS Word Download<\/a><\/li>\n<li><a href=\"https:\/\/www.batimet.de\/de\/ausschreibungstexte.html\" target=\"blank\" rel=\"noopener noreferrer\">Ausschreibungstext &#8211; \u00dcbersichtsseite alle Texte MS Word Download<\/a><\/li>\n<\/ul>\n<p>\n<\/div><\/div><\/div><\/div><div class=\"kc-elm kc-css-740708 kc_accordion_section group \"><h3 class=\"kc_accordion_header ui-accordion-header\"><span class=\"ui-accordion-header-icon ui-icon\"><\/span><a href=\"#details-pdf-cad-dxf\" data-prevent=\"scroll\"><i class=\"flaticon-download-arrow\"><\/i> Details PDF - CAD - DXF<\/a><\/h3><div class=\"kc_accordion_content ui-accordion-content kc_clearfix\"><div class=\"kc-panel-body\"><div class=\"kc-elm kc-css-330414 kc_text_block\"><\/p>\n<ul>\n<li><a href=\"https:\/\/www.batimet.de\/download\/ausgaben\/pdfbatimetTA35_FB5.pdf\" target=\"blank\" rel=\"noopener noreferrer\">Details, Systemschnitte &#8211; Komplett\u00fcbersicht alle Profilvarianten PDF Download<\/a><\/li>\n<li><a href=\"https:\/\/www.batimet.de\/download\/ausgaben\/pdfbatimetTA35_FB5_Paneele.pdf\" target=\"blank\" rel=\"noopener noreferrer\">Details, Systemschnitte &#8211; Opake Fl\u00fcgel und Festelemente, Paneel L\u00f6sungen, L\u00fcftungsklappen, Elementkopplungen PDF Download<\/a><\/li>\n<li><a href=\"https:\/\/www.batimet.de\/download\/dwg\/dwgbatimetTA35_FB5.zip\" target=\"blank\" rel=\"noopener noreferrer\">Details, Systemschnitte &#8211; Komplett\u00fcbersicht alle Profilvarianten (auch Paneele) DWG-DXF als ZIP Download<\/a><\/li>\n<li><a href=\"https:\/\/www.batimet.de\/download\/ausgaben\/pdfbatimetTA35_FB5_doubleG.pdf\" target=\"blank\" rel=\"noopener noreferrer\">Details, Systemschnitte &#8211; 2-fach Verglasung PDF Download<\/a><\/li>\n<li><a href=\"https:\/\/www.batimet.de\/download\/dwg\/dwgbatimetTA35_FB5_doubleG.zip\" target=\"blank\" rel=\"noopener noreferrer\">Details, Systemschnitte &#8211; 2-fach Verglasung DWG-DXF als ZIP Download<\/a><\/li>\n<li><a href=\"https:\/\/www.batimet.de\/download\/ausgaben\/pdfbatimetTA35_FB5_BA.pdf\" target=\"blank\" rel=\"noopener noreferrer\">Details, Bauanschl\u00fcsse &#8211; PDF Download<\/a><\/li>\n<li><a href=\"https:\/\/www.batimet.de\/download\/dwg\/dwgbatimetTA35_FB5_BA.zip\" target=\"blank\" rel=\"noopener noreferrer\">Details, Bauanschl\u00fcsse &#8211; DWG-DXF als ZIP Download<\/a><\/li>\n<\/ul>\n<p>\n<\/div><\/div><\/div><\/div><\/div>\n<\/div><\/div><\/div><div class=\"kc-elm kc-css-372037 kc_row kc_row_inner\"><div class=\"kc-elm kc-css-830466 kc_col-sm-12 kc_column_inner kc_col-sm-12\"><div class=\"kc_wrapper kc-col-inner-container\"><div class=\"kc-elm kc-css-326114 kc_text_block\"><\/p>\n<h3>BATIMET TOOLBOX<\/h3>\n<p><a href=\"https:\/\/www.batimet.de\/de\/produkte\/batimetToolbox.html\" target=\"_blank\" rel=\"noopener noreferrer\">L\u00fcftungsgitter, Paneele, Rahmenverbreiterungen, Motoren und vieles weiteres Systemzubeh\u00f6r<\/a><\/p>\n<p>\n<\/div><\/div><\/div><\/div><\/div><\/div><\/div><\/div><\/section>\n","protected":false},"excerpt":{"rendered":"","protected":false},"author":1,"featured_media":0,"parent":1291,"menu_order":30,"comment_status":"closed","ping_status":"closed","template":"","meta":{"footnotes":""},"_links":{"self":[{"href":"https:\/\/draude.de\/design\/wp-json\/wp\/v2\/pages\/2045"}],"collection":[{"href":"https:\/\/draude.de\/design\/wp-json\/wp\/v2\/pages"}],"about":[{"href":"https:\/\/draude.de\/design\/wp-json\/wp\/v2\/types\/page"}],"author":[{"embeddable":true,"href":"https:\/\/draude.de\/design\/wp-json\/wp\/v2\/users\/1"}],"replies":[{"embeddable":true,"href":"https:\/\/draude.de\/design\/wp-json\/wp\/v2\/comments?post=2045"}],"version-history":[{"count":3,"href":"https:\/\/draude.de\/design\/wp-json\/wp\/v2\/pages\/2045\/revisions"}],"predecessor-version":[{"id":2892,"href":"https:\/\/draude.de\/design\/wp-json\/wp\/v2\/pages\/2045\/revisions\/2892"}],"up":[{"embeddable":true,"href":"https:\/\/draude.de\/design\/wp-json\/wp\/v2\/pages\/1291"}],"wp:attachment":[{"href":"https:\/\/draude.de\/design\/wp-json\/wp\/v2\/media?parent=2045"}],"curies":[{"name":"wp","href":"https:\/\/api.w.org\/{rel}","templated":true}]}}