{"id":2179,"date":"2020-09-29T23:13:07","date_gmt":"2020-09-29T21:13:07","guid":{"rendered":"http:\/\/dev.riccardo-flemming.de\/draude.de\/tischlerei\/?page_id=2179"},"modified":"2020-10-31T03:53:31","modified_gmt":"2020-10-31T02:53:31","slug":"hebe-schiebe-anlagen","status":"publish","type":"page","link":"https:\/\/draude.de\/design\/produkte\/fenster-und-tueren\/hebe-schiebe-anlagen\/?lang=de","title":{"rendered":"Hebe-Schiebe-Anlagen"},"content":{"rendered":"<section class=\"kc-elm kc-css-469007 kc_row\"><div class=\"kc-row-container  kc-container\"><div class=\"kc-wrap-columns\"><div class=\"kc-elm kc-css-907792 kc_col-sm-12 kc_column kc_col-sm-12\"><div class=\"kc-col-container\"><div class=\"kc-elm kc-css-387581 kc_row kc_row_inner\"><div class=\"kc-elm kc-css-876273 kc_col-sm-5 kc_column_inner kc_col-sm-5\"><div class=\"kc_wrapper kc-col-inner-container\"><div class=\"kc-elm kc-css-775792\">\n\t<div class=\"kc-carousel_images kc-elm kc-css-775792\">\n\t\n\t\t<div class=\"kc-carousel-images owl-carousel-images kc-sync1 \" data-owl-i-options='{\"items\":\"1\",\"tablet\":\"1\",\"mobile\":\"1\",\"speed\":\"500\",\"navigation\":\"\",\"pagination\":\"yes\",\"autoheight\":\"\",\"progressbar\":\"\",\"delay\":\"8\",\"autoplay\":\"yes\",\"showthumb\":\"\",\"num_thumb\":\"5\"}'>\n\t\n\t\t\t\t\t<div class=\"item\">\n\t\n\t\t\t\t\t\t\t<img decoding=\"async\" src=\"https:\/\/draude.de\/design\/wp-content\/uploads\/sites\/3\/2020\/10\/batimetTA35_DSP.jpg\"  alt=\"\"\/>\n\t\n\t\t\t\t\n\t\t\t<\/div>\n\t\n\t\t\t\t\t<div class=\"item\">\n\t\n\t\t\t\t\t\t\t<img decoding=\"async\" src=\"https:\/\/draude.de\/design\/wp-content\/uploads\/sites\/3\/2020\/10\/sysbatimetTA35_DSP.jpg\"  alt=\"\"\/>\n\t\n\t\t\t\t\n\t\t\t<\/div>\n\t\n\t\t\t\n\t\t<\/div>\n\t\n\t\t\t<\/div>\n<\/div>\n<div class=\"kc-elm kc-css-42735 kc_text_block\"><\/p>\n<p>\n<small>Quelle: Batimet \u2013 <a href=\"https:\/\/www.batimet.de\" target=\"_blank\" rel=\"noopener noreferrer\">www.batimet.de<\/a><\/small><\/p>\n<p>\n<\/div><\/div><\/div><div class=\"kc-elm kc-css-121397 kc_col-sm-7 kc_column_inner kc_col-sm-7\"><div class=\"kc_wrapper kc-col-inner-container\"><div class=\"kc-elm kc-css-787543 kc_text_block\"><\/p>\n<p>\nRahmenprofil und Fl\u00fcgelprofil bilden eine fl\u00e4chenb\u00fcndige Ebene. Zwischen Glas und Fl\u00fcgelprofil besteht ein Versatz von 15 mm Tiefe. Die Ansichtsbreite des sichtbaren Fl\u00fcgelprofils betr\u00e4gt 100 mm und verl\u00e4uft gerade, senkrecht zur Glasebene. Bei bestimmten statischen Anforderungen kann das Fl\u00fcgelprofil breiter ausgef\u00fchrt werden. Die Entw\u00e4sserung des Falzbereiches erfolgt durch verdeckte Stanzungen im unteren Profilquerst\u00fcck des Rahmens. Optional kann eine sichtbare Entw\u00e4sserung mit Abdeckkappe ausgef\u00fchrt werden.<\/p>\n<ul>\n<li style=\"list-style-type: none;\">\n<ul>\n<li>Fl\u00fcgelh\u00f6hen bis 3.000 mm<\/li>\n<li>Fl\u00fcgelbreiten bis 3.000 mm<\/li>\n<li>Fl\u00fcgelgewicht als Hebe-Schiebe bis 200 kg<\/li>\n<li>Fl\u00fcgelgewicht als Schiebe bis 300 kg<\/li>\n<\/ul>\n<\/li>\n<\/ul>\n<p>Die Eckverbindungen der Aluminium-Rahmen werden in geschwei\u00dfter Form ohne sichtbare Fugen ausgef\u00fchrt. Die Beschichtung wird nach den g\u00fcltigen Qualit\u00e4tsrichtlinien f\u00fcr die Beschichtung von Bauteilen aus Aluminium der GSB-International GSB AL 631, bzw. den QUALICOAT-Vorschriften ausgef\u00fchrt.<\/p>\n<p>\n<\/div><div class=\"kc-elm kc-css-305792\" style=\"height: 30px; clear: both; width:100%;\"><\/div><div class=\"kc-elm kc-css-872167 kc-raw-code\"><p><i class=\"fa-thumbs-up\" style=\"color: #e8c379;margin-right:20px;\"><\/i> <strong>TOP UW-WERTE<\/strong><br \/>Uw-Werte \u2265 0,70 W\/m\u00b2K<\/p>\r\n<p><i class=\"fa-bullseye\" style=\"color: #e8c379;margin-right:20px;\"><\/i> <strong>HOLZARTEN<\/strong><br \/>Fichte, Kiefer, Tanne, L\u00e4rche, Eiche, Hemlock, Douglasie<\/p>\r\n<p><i class=\"fa-qrcode\" style=\"color: #e8c379;margin-right:20px;\"><\/i> <strong>OBERFL\u00c4CHEN<\/strong><br \/>RAL, NCS, DB, Eloxal, Metallic, hochwetterfest, seewassertauglich<\/p>\r\n<p><i class=\"fa-wrench\" style=\"color: #e8c379;margin-right:20px;\"><\/i> <strong>ECKVERBINDUNG<\/strong><br \/>Geschweisste Eckverbindung, keine sichtbaren Fugen, dauerhafter Korrosionsschutz<\/p><\/div><\/div><\/div><\/div><div class=\"kc-elm kc-css-307161 kc_row kc_row_inner\"><div class=\"kc-elm kc-css-756764 kc_col-sm-12 kc_column_inner kc_col-sm-12\"><div class=\"kc_wrapper kc-col-inner-container\"><div class=\"kc-elm kc-css-94986 kc_accordion_wrapper\">\n<div class=\"kc-elm kc-css-153738 kc_accordion_section group \"><h3 class=\"kc_accordion_header ui-accordion-header\"><span class=\"ui-accordion-header-icon ui-icon\"><\/span><a href=\"#normen-technik\" data-prevent=\"scroll\"><i class=\"fa-align-justify\"><\/i> Normen & Technik<\/a><\/h3><div class=\"kc_accordion_content ui-accordion-content kc_clearfix\"><div class=\"kc-panel-body\"><div class=\"kc-elm kc-css-889734 kc_text_block\"><\/p>\n<table class=\"table table-striped table-bordered\" style=\"border-collapse: collapse; border-spacing: 0px; background-color: transparent; margin-bottom: 20px; width: 1140px; max-width: 100%; border: 1px solid #dddddd; color: #555555; font-family: Lato, sans-serif;\">\n<tbody>\n<tr>\n<td style=\"padding: 8px; line-height: 1.42857143; vertical-align: top; border: 1px solid #dddddd;\">DIN EN 12207<\/td>\n<td style=\"padding: 8px; line-height: 1.42857143; vertical-align: top; border: 1px solid #dddddd;\">Luftdurchl\u00e4ssigkeit: Klasse 4<\/td>\n<\/tr>\n<tr>\n<td style=\"padding: 8px; line-height: 1.42857143; vertical-align: top; border: 1px solid #dddddd;\">DIN EN 12208<\/td>\n<td style=\"padding: 8px; line-height: 1.42857143; vertical-align: top; border: 1px solid #dddddd;\">Schlagregendichtheit: Klasse 9A<\/td>\n<\/tr>\n<tr>\n<td style=\"padding: 8px; line-height: 1.42857143; vertical-align: top; border: 1px solid #dddddd;\">DIN EN 12210<\/td>\n<td style=\"padding: 8px; line-height: 1.42857143; vertical-align: top; border: 1px solid #dddddd;\">Widerstandsf\u00e4higkeit bei Windlast: Klasse C4<\/td>\n<\/tr>\n<tr>\n<td style=\"padding: 8px; line-height: 1.42857143; vertical-align: top; border: 1px solid #dddddd;\">DIN EN ISO 10077-2<\/td>\n<td style=\"padding: 8px; line-height: 1.42857143; vertical-align: top; border: 1px solid #dddddd;\">Uw \u2265 0,70 W\/m\u00b2K<\/td>\n<\/tr>\n<tr>\n<td style=\"padding: 8px; line-height: 1.42857143; vertical-align: top; border: 1px solid #dddddd;\">DIN EN ISO 717-1<\/td>\n<td style=\"padding: 8px; line-height: 1.42857143; vertical-align: top; border: 1px solid #dddddd;\">Schallschutz: Rwp = 42 dB<\/td>\n<\/tr>\n<tr>\n<td style=\"padding: 8px; line-height: 1.42857143; vertical-align: top; border: 1px solid #dddddd;\">DIN EN 1627<\/td>\n<td style=\"padding: 8px; line-height: 1.42857143; vertical-align: top; border: 1px solid #dddddd;\">Einbruchhemmung: RC1N, RC2N, RC2<\/td>\n<\/tr>\n<tr>\n<td style=\"padding: 8px; line-height: 1.42857143; vertical-align: top; border: 1px solid #dddddd;\">DIN EN 18008-4<\/td>\n<td style=\"padding: 8px; line-height: 1.42857143; vertical-align: top; border: 1px solid #dddddd;\">TRAV Absturzsicherung: Kategorie A, B, C<\/td>\n<\/tr>\n<\/tbody>\n<\/table>\n<p>\n<\/div><\/div><\/div><\/div><div class=\"kc-elm kc-css-287899 kc_accordion_section group \"><h3 class=\"kc_accordion_header ui-accordion-header\"><span class=\"ui-accordion-header-icon ui-icon\"><\/span><a href=\"#uw-wert-tabelle-produktdatenblatt-ausschreibungstext\" data-prevent=\"scroll\"><i class=\"fa-chart-bar\"><\/i> Uw-Wert Tabelle - Produktdatenblatt - Ausschreibungstext<\/a><\/h3><div class=\"kc_accordion_content ui-accordion-content kc_clearfix\"><div class=\"kc-panel-body\"><div class=\"kc-elm kc-css-579096 kc_text_block\"><\/p>\n<ul>\n<li><a href=\"https:\/\/www.batimet.de\/download\/uvalue\/U_Wert_Tabelle_batimetTA35_DSP.pdf\" target=\"blank\" rel=\"noopener noreferrer\">U-Wert Tabelle &#8211; PDF Download<\/a><\/li>\n<li><a href=\"https:\/\/www.batimet.de\/download\/db\/dbbatimetTA35_DSP.pdf\" target=\"blank\" rel=\"noopener noreferrer\">Produktdatenblatt &#8211; PDF Download<\/a><\/li>\n<li><a href=\"https:\/\/www.batimet.de\/download\/specs\/lvbatimetTA35_DSP.doc\" target=\"blank\" rel=\"noopener noreferrer\">Ausschreibungstext &#8211; Pfosten-Riegelsystem MS Word Download<\/a><\/li>\n<li><a href=\"https:\/\/www.batimet.de\/de\/ausschreibungstexte.html\" target=\"blank\" rel=\"noopener noreferrer\">Ausschreibungstext &#8211; \u00dcbersichtsseite alle Texte MS Word Download<\/a><\/li>\n<\/ul>\n<p>\n<\/div><\/div><\/div><\/div><div class=\"kc-elm kc-css-167317 kc_accordion_section group \"><h3 class=\"kc_accordion_header ui-accordion-header\"><span class=\"ui-accordion-header-icon ui-icon\"><\/span><a href=\"#details-pdf-cad-dxf\" data-prevent=\"scroll\"><i class=\"flaticon-download-arrow\"><\/i> Details PDF - CAD - DXF<\/a><\/h3><div class=\"kc_accordion_content ui-accordion-content kc_clearfix\"><div class=\"kc-panel-body\"><div class=\"kc-elm kc-css-322038 kc_text_block\"><\/p>\n<ul>\n<li><a href=\"https:\/\/www.batimet.de\/download\/ausgaben\/pdfbatimetTA35_DSP.pdf\" target=\"blank\" rel=\"noopener noreferrer\">Details, Systemschnitte &#8211; PDF Download<\/a><\/li>\n<li><a href=\"https:\/\/www.batimet.de\/download\/dwg\/dwgbatimetTA35_DSP.zip\" target=\"blank\" rel=\"noopener noreferrer\">Details, Systemschnitte &#8211; DWG-DXF als ZIP Download<\/a><\/li>\n<\/ul>\n<p>\n<\/div><\/div><\/div><\/div><\/div>\n<\/div><\/div><\/div><div class=\"kc-elm kc-css-397214 kc_row kc_row_inner\"><div class=\"kc-elm kc-css-333453 kc_col-sm-12 kc_column_inner kc_col-sm-12\"><div class=\"kc_wrapper kc-col-inner-container\"><div class=\"kc-elm kc-css-80679 kc_text_block\"><\/p>\n<h3>BATIMET TOOLBOX<\/h3>\n<p><a href=\"https:\/\/www.batimet.de\/de\/produkte\/batimetToolbox.html\" target=\"_blank\" rel=\"noopener noreferrer\">L\u00fcftungsgitter, Paneele, Rahmenverbreiterungen, Motoren und vieles weiteres Systemzubeh\u00f6r<\/a><\/p>\n<p>\n<\/div><\/div><\/div><\/div><\/div><\/div><\/div><\/div><\/section>\n","protected":false},"excerpt":{"rendered":"","protected":false},"author":1,"featured_media":0,"parent":1291,"menu_order":20,"comment_status":"closed","ping_status":"closed","template":"","meta":{"footnotes":""},"_links":{"self":[{"href":"https:\/\/draude.de\/design\/wp-json\/wp\/v2\/pages\/2179"}],"collection":[{"href":"https:\/\/draude.de\/design\/wp-json\/wp\/v2\/pages"}],"about":[{"href":"https:\/\/draude.de\/design\/wp-json\/wp\/v2\/types\/page"}],"author":[{"embeddable":true,"href":"https:\/\/draude.de\/design\/wp-json\/wp\/v2\/users\/1"}],"replies":[{"embeddable":true,"href":"https:\/\/draude.de\/design\/wp-json\/wp\/v2\/comments?post=2179"}],"version-history":[{"count":2,"href":"https:\/\/draude.de\/design\/wp-json\/wp\/v2\/pages\/2179\/revisions"}],"predecessor-version":[{"id":2752,"href":"https:\/\/draude.de\/design\/wp-json\/wp\/v2\/pages\/2179\/revisions\/2752"}],"up":[{"embeddable":true,"href":"https:\/\/draude.de\/design\/wp-json\/wp\/v2\/pages\/1291"}],"wp:attachment":[{"href":"https:\/\/draude.de\/design\/wp-json\/wp\/v2\/media?parent=2179"}],"curies":[{"name":"wp","href":"https:\/\/api.w.org\/{rel}","templated":true}]}}