{"id":2193,"date":"2020-09-30T00:40:35","date_gmt":"2020-09-29T22:40:35","guid":{"rendered":"http:\/\/dev.riccardo-flemming.de\/draude.de\/tischlerei\/?page_id=2193"},"modified":"2020-11-04T00:06:52","modified_gmt":"2020-11-03T23:06:52","slug":"fassadenbau-holz-aluminium","status":"publish","type":"page","link":"https:\/\/draude.de\/design\/produkte\/fassadenbau-holz-aluminium\/?lang=de","title":{"rendered":"Fassadenbau | Holz \u2013 Aluminium"},"content":{"rendered":"<section class=\"kc-elm kc-css-480341 kc_row\"><div class=\"kc-row-container  kc-container\"><div class=\"kc-wrap-columns\"><div class=\"kc-elm kc-css-173765 kc_col-sm-12 kc_column kc_col-sm-12\"><div class=\"kc-col-container\"><div class=\"kc-elm kc-css-86456 kc_row kc_row_inner\"><div class=\"kc-elm kc-css-783576 kc_col-sm-8 kc_column_inner kc_col-sm-8\"><div class=\"kc_wrapper kc-col-inner-container\"><div class=\"kc-elm kc-css-782858\">\n\t<div class=\"kc-carousel_images kc-elm kc-css-782858\">\n\t\n\t\t<div class=\"kc-carousel-images owl-carousel-images kc-sync1  owl-nav-arrow\" data-owl-i-options='{\"items\":\"1\",\"tablet\":\"1\",\"mobile\":\"1\",\"speed\":\"500\",\"navigation\":\"yes\",\"pagination\":\"\",\"autoheight\":\"\",\"progressbar\":\"\",\"delay\":\"8\",\"autoplay\":\"yes\",\"showthumb\":\"\",\"num_thumb\":\"5\"}'>\n\t\n\t\t\t\t\t<div class=\"item\">\n\t\n\t\t\t\t\t\t\t<img decoding=\"async\" src=\"https:\/\/draude.de\/design\/wp-content\/uploads\/sites\/3\/2020\/10\/draude-design_haustuer_04.jpg\"  alt=\"\"\/>\n\t\n\t\t\t\t\n\t\t\t<\/div>\n\t\n\t\t\t\n\t\t<\/div>\n\t\n\t\t\t<\/div>\n<\/div>\n<\/div><\/div><div class=\"kc-elm kc-css-848605 kc_col-sm-4 kc_column_inner kc_col-sm-4 produkte-liste\"><div class=\"kc_wrapper kc-col-inner-container\"><div class=\"kc-elm kc-css-290228 kc_text_block produkte-liste\"><\/p>\n<ul>\n<li><a href=\"https:\/\/draude.de\/design\/produkte\/fassadenbau-holz-aluminium\/pfosten-riegel-fassade-tm50-se\/\">Pfosten-Riegel-Fassade<br \/>\nBatimet TM50 SE<\/a><\/li>\n<\/ul>\n<p>\n<\/div><\/div><\/div><\/div><div class=\"kc-elm kc-css-527692 kc_row kc_row_inner\"><div class=\"kc-elm kc-css-337057 kc_col-sm-12 kc_column_inner kc_col-sm-12\"><div class=\"kc_wrapper kc-col-inner-container\">\n<div class=\"kc-elm kc-css-273457 kc-title-wrap \">\n\n\t<h1 class=\"kc_title\">Fassadenbau | Holz \u2013 Aluminium<\/h1>\n<\/div>\n<\/div><\/div><\/div><div class=\"kc-elm kc-css-187112 kc_row kc_row_inner\"><div class=\"kc-elm kc-css-34866 kc_col-sm-12 kc_column_inner kc_col-sm-12\"><div class=\"kc_wrapper kc-col-inner-container\">\n<div class=\"kc-elm kc-css-457884 kc-title-wrap \">\n\n\t<h2 class=\"kc_title\">Pfosten-Riegel-Fassade \u2013 elegante Glasfassaden<\/h2>\n<\/div>\n<div class=\"kc-elm kc-css-909415 kc_text_block\"><\/p>\n<p>Eleganz mit Stil und Format &#8211; mit einer Pfosten-Riegel-Fassade k\u00f6nnen filigrane Glasfassaden und schmale Ansichtsbreiten realisiert werden.<\/p>\n<p>Pfosten-Riegel-Fassaden z\u00e4hlen zu den Vorhangsfassaden, somit tr\u00e4gt die Fassade keine statischen Lasten. Sie besteht aus tragenden Profilen aus Stahl, Holz oder Aluminium. Die vertikalen Pfosten werden an den Geschossdecken befestigt und \u00fcbernehmen den Lastabtrag, die horizontalen Riegel sind mit den Pfosten verbunden. Die F\u00fcllelemente werden separat befestigt, Fenster und T\u00fcrelemente entsprechend eingespannt. Die innere Drainage erfolgt auf zwei Ebenen, die freien Bereiche in den Falzr\u00e4umen erhalten zus\u00e4tzlich eine W\u00e4rmed\u00e4mmung. Zwischen dem Pfosten-Riegel-Ger\u00fcst und den Fassadenfeldern kommen elastische Dichtungen zum Einsatz, somit kann kein Wasser in den Falzraum eindringen. Architekten und Bauingenieure entscheiden sich bewusst aufgrund der schlanken Profile f\u00fcr Pfosten-Riegel-Fassaden. Im modernen Bereich erm\u00f6glichen sie filigrane Strukturen mehrst\u00f6ckiger Fassaden bei einer minimalen Profilbreite von 35mm.<\/p>\n<p>\n<\/div><\/div><\/div><\/div><div id=\"glasfassade\" class=\"kc-elm kc-css-832606 kc_row kc_row_inner\"><div class=\"kc-elm kc-css-833942 kc_col-sm-12 kc_column_inner kc_col-sm-12\"><div class=\"kc_wrapper kc-col-inner-container\"><div class=\"kc-elm kc-css-252160 kc_text_block\"><\/p>\n<p><strong>Das Wichtigste im \u00dcberblick:<\/strong><\/p>\n<ul>\n<li>Pfosten-Riegel-Fassaden bestehen aus einem Tragwerk aus senkrechten Pfosten und waagerechten Riegeln.<\/li>\n<li>Gro\u00dffl\u00e4chige Befestigung von Glaselementen und Paneel in F\u00fcllungsebene<\/li>\n<li><strong>Glasfassaden:<\/strong> Elementfassade, Doppelfassaden, auf Anfrage: vorgehangene hinterl\u00fcftete Fassaden (Au\u00dfenhaut, Witterungsschutz)<\/li>\n<li>Hohe Flexibilit\u00e4t in der Fassadengestaltung \u2013 mit Pfosten-Riegel-Konstruktionen realisieren Architekten und Planer nicht nur klassische Glasfassaden, sondern auch L\u00f6sungen wie Lichtd\u00e4cher und Schr\u00e4gfassaden, sie bieten die M\u00f6glichkeit, dank schmaler Profile, sehr filigrane Glasfassaden zu entwerfen.<\/li>\n<li>Drainagesystem auf mehreren Ebenen sorgen f\u00fcr die Entw\u00e4sserung der Fassade.<\/li>\n<li><strong>Sonnenschutz:<\/strong> verschiedene M\u00f6glichkeiten des Sonnenschutzes lassen sich optional im Glas integrieren oder auf der Innenseite anbringen. Eine Verschattung von au\u00dfen ist ebenfalls m\u00f6glich (hier gilt es allerdings die Windlast zu pr\u00fcfen).<\/li>\n<li><strong>Einsatzorte:<\/strong> mehrgeschossige Bauten, gro\u00dfz\u00fcgige \u00d6ffnungen, Industriebauten, Universit\u00e4ten und Forschungszentren<\/li>\n<li><strong>Ausf\u00fchrungen:<\/strong> Profiloptik, Design, Verglasungsart, Ansichtsbreite der Profile, Anordnung von Pfosten und Riegeln, Materialien, spezielle Anforderungen (erh\u00f6hte statische Belastung, erh\u00f6hte w\u00e4rmeged\u00e4mmte Systeme, Passivh\u00e4user etc.)<\/li>\n<\/ul>\n<p>\n<\/div><\/div><\/div><\/div><\/div><\/div><\/div><\/div><\/section>\n","protected":false},"excerpt":{"rendered":"","protected":false},"author":1,"featured_media":0,"parent":783,"menu_order":10,"comment_status":"closed","ping_status":"closed","template":"","meta":{"footnotes":""},"_links":{"self":[{"href":"https:\/\/draude.de\/design\/wp-json\/wp\/v2\/pages\/2193"}],"collection":[{"href":"https:\/\/draude.de\/design\/wp-json\/wp\/v2\/pages"}],"about":[{"href":"https:\/\/draude.de\/design\/wp-json\/wp\/v2\/types\/page"}],"author":[{"embeddable":true,"href":"https:\/\/draude.de\/design\/wp-json\/wp\/v2\/users\/1"}],"replies":[{"embeddable":true,"href":"https:\/\/draude.de\/design\/wp-json\/wp\/v2\/comments?post=2193"}],"version-history":[{"count":4,"href":"https:\/\/draude.de\/design\/wp-json\/wp\/v2\/pages\/2193\/revisions"}],"predecessor-version":[{"id":2891,"href":"https:\/\/draude.de\/design\/wp-json\/wp\/v2\/pages\/2193\/revisions\/2891"}],"up":[{"embeddable":true,"href":"https:\/\/draude.de\/design\/wp-json\/wp\/v2\/pages\/783"}],"wp:attachment":[{"href":"https:\/\/draude.de\/design\/wp-json\/wp\/v2\/media?parent=2193"}],"curies":[{"name":"wp","href":"https:\/\/api.w.org\/{rel}","templated":true}]}}