{"id":839,"date":"2020-01-22T09:43:35","date_gmt":"2020-01-22T08:43:35","guid":{"rendered":"http:\/\/dev.riccardo-flemming.de\/draude.de\/tischlerei\/?page_id=839"},"modified":"2020-10-31T03:41:51","modified_gmt":"2020-10-31T02:41:51","slug":"pfosten-riegel-fassade-tm50-se","status":"publish","type":"page","link":"https:\/\/draude.de\/design\/produkte\/fassadenbau-holz-aluminium\/pfosten-riegel-fassade-tm50-se\/?lang=de","title":{"rendered":"Pfosten-Riegel-Fassade TM50 SE"},"content":{"rendered":"<section class=\"kc-elm kc-css-376752 kc_row\"><div class=\"kc-row-container  kc-container\"><div class=\"kc-wrap-columns\"><div class=\"kc-elm kc-css-482847 kc_col-sm-12 kc_column kc_col-sm-12\"><div class=\"kc-col-container\"><div class=\"kc-elm kc-css-253788 kc_row kc_row_inner\"><div class=\"kc-elm kc-css-195082 kc_col-sm-5 kc_column_inner kc_col-sm-5\"><div class=\"kc_wrapper kc-col-inner-container\"><div class=\"kc-elm kc-css-457681\">\n\t<div class=\"kc-carousel_images kc-elm kc-css-457681\">\n\t\n\t\t<div class=\"kc-carousel-images owl-carousel-images kc-sync1 \" data-owl-i-options='{\"items\":\"1\",\"tablet\":\"1\",\"mobile\":\"1\",\"speed\":\"500\",\"navigation\":\"\",\"pagination\":\"yes\",\"autoheight\":\"\",\"progressbar\":\"\",\"delay\":\"8\",\"autoplay\":\"yes\",\"showthumb\":\"\",\"num_thumb\":\"5\"}'>\n\t\n\t\t\t\t\t<div class=\"item\">\n\t\n\t\t\t\t\t\t\t<img decoding=\"async\" src=\"https:\/\/draude.de\/design\/wp-content\/uploads\/sites\/3\/2020\/10\/batimetTM50_SE.jpg\"  alt=\"\"\/>\n\t\n\t\t\t\t\n\t\t\t<\/div>\n\t\n\t\t\t\t\t<div class=\"item\">\n\t\n\t\t\t\t\t\t\t<img decoding=\"async\" src=\"https:\/\/draude.de\/design\/wp-content\/uploads\/sites\/3\/2020\/10\/sysbatimetTM50_SE.jpg\"  alt=\"\"\/>\n\t\n\t\t\t\t\n\t\t\t<\/div>\n\t\n\t\t\t\n\t\t<\/div>\n\t\n\t\t\t<\/div>\n<\/div>\n<div class=\"kc-elm kc-css-125151 kc_text_block\"><\/p>\n<p>\n<small>Quelle: Batimet \u2013 <a href=\"https:\/\/www.batimet.de\" target=\"_blank\" rel=\"noopener noreferrer\">www.batimet.de<\/a><\/small><\/p>\n<p>\n<\/div><\/div><\/div><div class=\"kc-elm kc-css-774216 kc_col-sm-7 kc_column_inner kc_col-sm-7\"><div class=\"kc_wrapper kc-col-inner-container\"><div class=\"kc-elm kc-css-166283 kc_text_block\"><\/p>\n<p>\nW\u00e4rmeged\u00e4mmte Fassade f\u00fcr Passivhausanforderung in Pfosten-Riegelbauweise mit einer Tragkonstruktion aus Brettschichtholz bzw. Holzwerkstoffen mit Breiten von 50 mm, Profiltiefe nach statischer und konstruktiver Anforderung. Die Profilabmessungen m\u00fcssen nach statischen Erfordernissen f\u00fcr eine maximale Durchbiegung entsprechend der Vorgaben in der Produktnorm f\u00fcr Vorhangfassaden DIN EN 13830 dimensioniert sein. Die besonderen Passivhaus-Anforderungen in Bezug auf W\u00e4rmed\u00e4mmung und Dichtheit der Fassadenkonstruktion sind zwingend zu erf\u00fcllende Leistungsanforderungen.<\/p>\n<ul>\n<li style=\"list-style-type: none;\">\n<ul>\n<li>Sonstige F\u00fcllungen bis 64 mm<\/li>\n<li>Glasgewichte bis 600 kg<\/li>\n<li>Polygonfassade bis 45 Grad<\/li>\n<li>Brandschutzfassade EI30<\/li>\n<\/ul>\n<\/li>\n<\/ul>\n<p>Die Eckverbindungen der Aluminium-Rahmen werden in geschwei\u00dfter Form ohne sichtbare Fugen ausgef\u00fchrt. Die Beschichtung wird nach den g\u00fcltigen Qualit\u00e4tsrichtlinien f\u00fcr die Beschichtung von Bauteilen aus Aluminium der GSB-International GSB AL 631, bzw. den QUALICOAT-Vorschriften ausgef\u00fchrt.<\/p>\n<p>\n<\/div><div class=\"kc-elm kc-css-346971\" style=\"height: 30px; clear: both; width:100%;\"><\/div><div class=\"kc-elm kc-css-589319 kc-raw-code\"><p><i class=\"fa-thumbs-up\" style=\"color: #e8c379;margin-right:20px;\"><\/i> <strong>TOP UW-WERTE<\/strong><br \/>Uw-Werte \u2265 0,62 W\/m\u00b2K<\/p>\r\n<p><i class=\"fa-bullseye\" style=\"color: #e8c379;margin-right:20px;\"><\/i> <strong>HOLZARTEN<\/strong><br \/>Fichte, Kiefer, Tanne, L\u00e4rche, Eiche, Hemlock, Douglasie, Multiplex, Pollmeier Baubuche<\/p>\r\n<p><i class=\"fa-qrcode\" style=\"color: #e8c379;margin-right:20px;\"><\/i> <strong>OBERFL\u00c4CHEN<\/strong><br \/>RAL, NCS, DB, Eloxal, Metallic, hochwetterfest, seewassertauglich<\/p>\r\n<p><i class=\"fa-wrench\" style=\"color: #e8c379;margin-right:20px;\"><\/i> <strong>ECKVERBINDUNG<\/strong><br \/>Geschweisste Eckverbindung, keine sichtbaren Fugen, dauerhafter Korrosionsschutz<\/p><\/div><\/div><\/div><\/div><div class=\"kc-elm kc-css-11611 kc_row kc_row_inner\"><div class=\"kc-elm kc-css-216069 kc_col-sm-12 kc_column_inner kc_col-sm-12\"><div class=\"kc_wrapper kc-col-inner-container\"><div class=\"kc-elm kc-css-178283 kc_accordion_wrapper\">\n<div class=\"kc-elm kc-css-750348 kc_accordion_section group \"><h3 class=\"kc_accordion_header ui-accordion-header\"><span class=\"ui-accordion-header-icon ui-icon\"><\/span><a href=\"#normen-technik\" data-prevent=\"scroll\"><i class=\"fa-align-justify\"><\/i> Normen & Technik<\/a><\/h3><div class=\"kc_accordion_content ui-accordion-content kc_clearfix\"><div class=\"kc-panel-body\"><div class=\"kc-elm kc-css-451283 kc_text_block\"><\/p>\n<table class=\"table table-striped table-bordered\" style=\"border-collapse: collapse; border-spacing: 0px; background-color: transparent; margin-bottom: 20px; width: 1140px; max-width: 100%; border: 1px solid #dddddd; color: #555555; font-family: Lato, sans-serif;\">\n<tbody>\n<tr>\n<td style=\"padding: 8px; line-height: 1.42857143; vertical-align: top; border: 1px solid #dddddd;\">DIN EN 12152<\/td>\n<td style=\"padding: 8px; line-height: 1.42857143; vertical-align: top; border: 1px solid #dddddd;\">Luftdurchl\u00e4ssigkeit: Klasse AE<\/td>\n<\/tr>\n<tr>\n<td style=\"padding: 8px; line-height: 1.42857143; vertical-align: top; border: 1px solid #dddddd;\">DIN EN 12154<\/td>\n<td style=\"padding: 8px; line-height: 1.42857143; vertical-align: top; border: 1px solid #dddddd;\">Schlagregendichtheit: Klasse RE2250<\/td>\n<\/tr>\n<tr>\n<td style=\"padding: 8px; line-height: 1.42857143; vertical-align: top; border: 1px solid #dddddd;\">DIN EN 13116<\/td>\n<td style=\"padding: 8px; line-height: 1.42857143; vertical-align: top; border: 1px solid #dddddd;\">Widerstandsf\u00e4higkeit bei Windlast: Klasse Last 2,0 kN\/m\u00b2<\/td>\n<\/tr>\n<tr>\n<td style=\"padding: 8px; line-height: 1.42857143; vertical-align: top; border: 1px solid #dddddd;\">DIN EN ISO 10077-2<\/td>\n<td style=\"padding: 8px; line-height: 1.42857143; vertical-align: top; border: 1px solid #dddddd;\">Uw \u2265 0,62 W\/m\u00b2K<\/td>\n<\/tr>\n<tr>\n<td style=\"padding: 8px; line-height: 1.42857143; vertical-align: top; border: 1px solid #dddddd;\">DIN EN ISO 717-1<\/td>\n<td style=\"padding: 8px; line-height: 1.42857143; vertical-align: top; border: 1px solid #dddddd;\">Schallschutz: Rwp = 48 dB<\/td>\n<\/tr>\n<tr>\n<td style=\"padding: 8px; line-height: 1.42857143; vertical-align: top; border: 1px solid #dddddd;\">DIN EN 1627<\/td>\n<td style=\"padding: 8px; line-height: 1.42857143; vertical-align: top; border: 1px solid #dddddd;\">Einbruchhemmung: RC1N, RC2N, RC2, RC3<\/td>\n<\/tr>\n<tr>\n<td style=\"padding: 8px; line-height: 1.42857143; vertical-align: top; border: 1px solid #dddddd;\">DIN EN 13049<\/td>\n<td style=\"padding: 8px; line-height: 1.42857143; vertical-align: top; border: 1px solid #dddddd;\">TRAV Absturzsicherung: Kategorie A, B, C, Klasse 5<\/td>\n<\/tr>\n<tr>\n<td style=\"padding: 8px; line-height: 1.42857143; vertical-align: top; border: 1px solid #dddddd;\">DIN EN 12179<\/td>\n<td style=\"padding: 8px; line-height: 1.42857143; vertical-align: top; border: 1px solid #dddddd;\">Sto\u00dffestigkeit Klasse I5\/E5<\/td>\n<\/tr>\n<tr>\n<td style=\"padding: 8px; line-height: 1.42857143; vertical-align: top; border: 1px solid #dddddd;\">DIBT-Zulassung<\/td>\n<td style=\"padding: 8px; line-height: 1.42857143; vertical-align: top; border: 1px solid #dddddd;\">Allgemeine bauaufsichtliche Zulassung, DIBt. Z-14.4-669<\/td>\n<\/tr>\n<tr>\n<td style=\"padding: 8px; line-height: 1.42857143; vertical-align: top; border: 1px solid #dddddd;\">DIBT-Zulassung<\/td>\n<td style=\"padding: 8px; line-height: 1.42857143; vertical-align: top; border: 1px solid #dddddd;\">Systemverbindung Pfosten-Riegel Zulassung, ETA Danmark &#8211; ETA-18\/0033<\/td>\n<\/tr>\n<tr>\n<td style=\"padding: 8px; line-height: 1.42857143; vertical-align: top; border: 1px solid #dddddd;\">DIN EN 1364-1<\/td>\n<td style=\"padding: 8px; line-height: 1.42857143; vertical-align: top; border: 1px solid #dddddd;\">Brandschutz EI30 nach DIN EN 13501-2<\/td>\n<\/tr>\n<\/tbody>\n<\/table>\n<p>\n<\/div><\/div><\/div><\/div><div class=\"kc-elm kc-css-608379 kc_accordion_section group \"><h3 class=\"kc_accordion_header ui-accordion-header\"><span class=\"ui-accordion-header-icon ui-icon\"><\/span><a href=\"#uw-wert-tabelle-produktdatenblatt-ausschreibungstext\" data-prevent=\"scroll\"><i class=\"fa-chart-bar\"><\/i> Uw-Wert Tabelle - Produktdatenblatt - Ausschreibungstext<\/a><\/h3><div class=\"kc_accordion_content ui-accordion-content kc_clearfix\"><div class=\"kc-panel-body\"><div class=\"kc-elm kc-css-661833 kc_text_block\"><\/p>\n<ul>\n<li><a href=\"https:\/\/www.batimet.de\/download\/uvalue\/U_Wert_Tabelle_batimetTM50_SE.pdf\" target=\"blank\" rel=\"noopener noreferrer\">U-Wert Tabelle &#8211; PDF Download<\/a><\/li>\n<li><a href=\"https:\/\/www.batimet.de\/download\/db\/dbbatimetTM50_SE.pdf\" target=\"blank\" rel=\"noopener noreferrer\">Produktdatenblatt &#8211; PDF Download<\/a><\/li>\n<li><a href=\"https:\/\/www.batimet.de\/download\/specs\/lvbatimetTM50_SE.doc\" target=\"blank\" rel=\"noopener noreferrer\">Ausschreibungstext &#8211; Pfosten-Riegelsystem MS Word Download<\/a><\/li>\n<li><a href=\"https:\/\/www.batimet.de\/de\/ausschreibungstexte.html\" target=\"blank\" rel=\"noopener noreferrer\">Ausschreibungstext &#8211; \u00dcbersichtsseite alle Texte MS Word Download<\/a><\/li>\n<\/ul>\n<p>\n<\/div><\/div><\/div><\/div><div class=\"kc-elm kc-css-389558 kc_accordion_section group \"><h3 class=\"kc_accordion_header ui-accordion-header\"><span class=\"ui-accordion-header-icon ui-icon\"><\/span><a href=\"#details-pdf-cad-dxf\" data-prevent=\"scroll\"><i class=\"flaticon-download-arrow\"><\/i> Details PDF - CAD - DXF<\/a><\/h3><div class=\"kc_accordion_content ui-accordion-content kc_clearfix\"><div class=\"kc-panel-body\"><div class=\"kc-elm kc-css-379329 kc_text_block\"><\/p>\n<ul>\n<li><a href=\"https:\/\/www.batimet.de\/download\/ausgaben\/pdfbatimetTM50_SE.pdf\" target=\"blank\" rel=\"noopener noreferrer\">Details, Systemschnitte &#8211; PDF Download<\/a><\/li>\n<li><a href=\"https:\/\/www.batimet.de\/download\/ausgaben\/pdfbatimetTM50_SE_Einsatzelemente.pdf\" target=\"blank\" rel=\"noopener noreferrer\">Details, Systemschnitte &#8211; Einsatzelemente &#8211; \u00d6ffnungselemente &#8211; PDF Download<\/a><\/li>\n<li><a href=\"https:\/\/www.batimet.de\/download\/ausgaben\/pdfbatimetTM50_SE_DSE_TNA.pdf\" target=\"blank\" rel=\"noopener noreferrer\">Details, Systemschnitte &#8211; Integrierte T\u00fcranlagen nach aussen \u00f6ffnend &#8211; PDF Download<\/a><\/li>\n<li><a href=\"https:\/\/www.batimet.de\/download\/ausgaben\/pdfbatimetTM50_SE_DSE_TNI.pdf\" target=\"blank\" rel=\"noopener noreferrer\">Details, Systemschnitte &#8211; Integrierte T\u00fcranlagen nach innen \u00f6ffnend &#8211; PDF Download<\/a><\/li>\n<li><a href=\"https:\/\/www.batimet.de\/download\/ausgaben\/pdfbatimetTM50_FR.pdf\" target=\"blank\" rel=\"noopener noreferrer\">Details, Systemschnitte &#8211; Brandschutzfassade F30 &#8211; EI30 &#8211; PDF Download<\/a><\/li>\n<li><a href=\"https:\/\/www.batimet.de\/download\/ausgaben\/pdfbatimetVerarbeitungsrichtlinien_TM50_TM60_TM80.pdf\" target=\"blank\" rel=\"noopener noreferrer\">Details, Systemschnitte &#8211; Verarbeitungsrichtlinie &#8211; Produktion und Montage &#8211; PDF Download<\/a><\/li>\n<li><a href=\"https:\/\/www.batimet.de\/download\/dwg\/dwgbatimetTM50_SE.zip\" target=\"blank\" rel=\"noopener noreferrer\">Details, Systemschnitte &#8211; DWG-DXF als ZIP Download<\/a><\/li>\n<li><a href=\"https:\/\/www.batimet.de\/download\/ausgaben\/pdfbatimetTM50_SE_BA.pdf\" target=\"blank\" rel=\"noopener noreferrer\">Details, Bauanschl\u00fcsse &#8211; PDF Download<\/a><\/li>\n<li><a href=\"https:\/\/www.batimet.de\/download\/dwg\/dwgbatimetTM50_SE_BA.zip\" target=\"blank\" rel=\"noopener noreferrer\">Details, Bauanschl\u00fcsse &#8211; PDF Download<\/a><\/li>\n<\/ul>\n<p>\n<\/div><\/div><\/div><\/div><\/div>\n<\/div><\/div><\/div><div class=\"kc-elm kc-css-453382 kc_row kc_row_inner\"><div class=\"kc-elm kc-css-761041 kc_col-sm-12 kc_column_inner kc_col-sm-12\"><div class=\"kc_wrapper kc-col-inner-container\"><div class=\"kc-elm kc-css-457654 kc_text_block\"><\/p>\n<h3>BATIMET TOOLBOX<\/h3>\n<p><a href=\"https:\/\/www.batimet.de\/de\/produkte\/batimetToolbox.html\" target=\"_blank\" rel=\"noopener noreferrer\">L\u00fcftungsgitter, Paneele, Rahmenverbreiterungen, Motoren und vieles weiteres Systemzubeh\u00f6r<\/a><\/p>\n<p>\n<\/div><\/div><\/div><\/div><\/div><\/div><\/div><\/div><\/section>\n","protected":false},"excerpt":{"rendered":"","protected":false},"author":1,"featured_media":0,"parent":2193,"menu_order":10,"comment_status":"closed","ping_status":"closed","template":"","meta":{"footnotes":""},"_links":{"self":[{"href":"https:\/\/draude.de\/design\/wp-json\/wp\/v2\/pages\/839"}],"collection":[{"href":"https:\/\/draude.de\/design\/wp-json\/wp\/v2\/pages"}],"about":[{"href":"https:\/\/draude.de\/design\/wp-json\/wp\/v2\/types\/page"}],"author":[{"embeddable":true,"href":"https:\/\/draude.de\/design\/wp-json\/wp\/v2\/users\/1"}],"replies":[{"embeddable":true,"href":"https:\/\/draude.de\/design\/wp-json\/wp\/v2\/comments?post=839"}],"version-history":[{"count":3,"href":"https:\/\/draude.de\/design\/wp-json\/wp\/v2\/pages\/839\/revisions"}],"predecessor-version":[{"id":2744,"href":"https:\/\/draude.de\/design\/wp-json\/wp\/v2\/pages\/839\/revisions\/2744"}],"up":[{"embeddable":true,"href":"https:\/\/draude.de\/design\/wp-json\/wp\/v2\/pages\/2193"}],"wp:attachment":[{"href":"https:\/\/draude.de\/design\/wp-json\/wp\/v2\/media?parent=839"}],"curies":[{"name":"wp","href":"https:\/\/api.w.org\/{rel}","templated":true}]}}