{"id":1543,"date":"2020-07-15T10:37:02","date_gmt":"2020-07-15T08:37:02","guid":{"rendered":"https:\/\/draude.de\/tischlerei\/?page_id=1543"},"modified":"2020-10-31T04:46:45","modified_gmt":"2020-10-31T03:46:45","slug":"agb","status":"publish","type":"page","link":"https:\/\/draude.de\/tischlerei\/agb\/","title":{"rendered":"AGB \u2013 Terms of Conditions"},"content":{"rendered":"<section class=\"kc-elm kc-css-835731 kc_row\"><div class=\"kc-row-container  kc-container\"><div class=\"kc-wrap-columns\"><div class=\"kc-elm kc-css-263242 kc_col-sm-12 kc_column kc_col-sm-12\"><div class=\"kc-col-container\"><div class=\"kc-elm kc-css-204936 kc_row kc_row_inner\"><div class=\"kc-elm kc-css-321657 kc_col-sm-12 kc_column_inner kc_col-sm-12 produkte-details\"><div class=\"kc_wrapper kc-col-inner-container\">\n<div class=\"kc-elm kc-css-609457 kc-title-wrap \">\n\n\t<h2 class=\"kc_title\">AGB - Allgemeine Gesch\u00e4ftsbedingungen der Tischlerei Draude und Draude Design GmbH<\/h2>\n<\/div>\n<div class=\"kc-elm kc-css-860415 kc_text_block\"><\/p>\n<h3>A. Geltungsbereich<\/h3>\n<p>Die nachfolgenden allgemeinen Verkaufs-, Liefer- und Reparaturbedingungen (im Folgenden kurz AGB genannt) gelten f\u00fcr Vertr\u00e4ge zwischen der<\/p>\n<ol>\n<li><strong>Tischlerei Draude GmbH<\/strong>, vertreten durch den Gesch\u00e4ftsf\u00fchrer Herr J\u00fcrgen Draude, Im Wehrengrund 4, 34560 Fritzlar, Telefon 05622\/3856, Fax 05622\/3927, E-Mail: info@draude.de\/tischlerei und\/oder<\/li>\n<li><strong>Draude Design GmbH<\/strong>, vertreten durch die Gesch\u00e4ftsf\u00fchrerin Frau Susanne Draude, Im Wehrengrund 4, 34560 Fritzlar, Telefon 05622\/3856, Fax 05622\/3927, E-Mail: info@draude-design.de<\/li>\n<\/ol>\n<p>(beide im Folgenden kurz \u201e<strong>Draude<\/strong>\u201c)<\/p>\n<p>mit deren Kunden (Verbraucher und\/oder Unternehmer).<\/p>\n<p>Entgegenstehende oder von diesen AGB abweichende bzw. erg\u00e4nzende Bedingungen des Kunden werden nicht anerkannt.<\/p>\n<p><strong>Verbraucher<\/strong> ist jede nat\u00fcrliche Person, die ein Rechtsgesch\u00e4ft zu Zwecken abschlie\u00dft, die \u00fcberwiegend weder ihrer gewerblichen noch ihrer selbst\u00e4ndigen beruflichen T\u00e4tigkeit zugerechnet werden k\u00f6nnen, \u00a7 13 BGB.<\/p>\n<p><strong>Unternehmer<\/strong> ist eine nat\u00fcrliche oder juristische Person oder eine rechtsf\u00e4hige Personengesellschaft, die bei Abschluss eines Rechtsgesch\u00e4fts in Aus\u00fcbung ihrer gewerblichen oder selbstst\u00e4ndigen beruflichen T\u00e4tigkeit handelt, \u00a7 14 BGB.<\/p>\n<h3>B. Widerrufsrecht f\u00fcr Verbraucher<\/h3>\n<p>Verbrauchern steht in bestimmten gesetzlich geregelten F\u00e4llen ein Widerrufsrecht zu. In diesem Fall belehrt Draude Sie hier\u00fcber gesondert. Die aktuelle Widerrufsbelehrung finden Sie auch unter www.draude.de\/tischlerei und www.draude-design.de.<\/p>\n<h3>C. Allgemeine Verkaufs- und Lieferbedingungen<\/h3>\n<h4>1. Vertragsschluss<\/h4>\n<ul class=\"text-liste\">\n<li>1.1 Bestellungen des Kunden bei Draude, stellen lediglich ein Angebot an Draude zum Abschluss eines Vertrages dar. Die Bestellbest\u00e4tigung ist keine Annahme des Vertrages durch Draude.<\/li>\n<li>1.2 Angebote gegen\u00fcber Unternehmen sind grunds\u00e4tzlich freibleibend.<\/li>\n<li>1.3 Die Annahme erfolgt durch Draude mit gesonderter Auftragsbest\u00e4tigung oder mit Lieferung der Ware.<\/li>\n<\/ul>\n<h4>2. Lieferung<\/h4>\n<ul class=\"text-liste\">\n<li>2.1 Draude liefert ab Lager an die vom Kunden angegebene Adresse in Deutschland. Ist der Kunde Unternehmer, geht die Gefahr mit \u00dcbergabe der Ware an den Spediteur bzw. bei Abholung durch den Kunden, bei Versandbereitschaft auf den Kunden \u00fcber.<\/li>\n<\/ul>\n<h4>3. Preise, Zahlungsbedingungen und Eigentumsvorbehalt<\/h4>\n<ul class=\"text-liste\">\n<li>3.1 Alle Preise verstehen sich in Euro netto zzgl. geltenden MwSt.-Satz und zzgl. Verpackung und Versandkosten.<\/li>\n<li>3.2 Zahlungen sind sofort und ohne Abzug nach Erhalt der Rechnung f\u00e4llig, soweit keine abweichende Vereinbarung getroffen oder auf der Rechnung abweichende Zahlungsfristen ausgewiesen wurden.<\/li>\n<li>3.3 Die gelieferte Ware bleibt bis zur vollst\u00e4ndigen Bezahlung im Eigentum von Draude (nachfolgend: Vorbehaltsware).<\/li>\n<\/ul>\n<p>Ist der Kunde Unternehmer, gilt daneben folgendes:<\/p>\n<ul>\n<li>Die gelieferte Ware bleibt Eigentum von Draude bis zur Erf\u00fcllung s\u00e4mtlicher Draude gegen den Kunden zustehender Anspr\u00fcche, auch wenn die einzelne Ware bezahlt worden ist.<\/li>\n<li>Der Unternehmerkunde ist befugt, die Vorbehaltsware im ordnungsgem\u00e4\u00dfen Gesch\u00e4ftsbetrieb an Dritte weiter zu ver\u00e4u\u00dfern, wenn sichergestellt ist, dass die Zahlung an Draude erfolgt und dass das Eigentum auf den Dritten erst \u00fcbergeht, wenn dieser seine Zahlungspflichten erf\u00fcllt hat.<\/li>\n<li>Der Unternehmerkunde kann seinerseits unter Eigentumsvorbehalt weiterver\u00e4u\u00dfern, ohne dass hierdurch das vorbehaltene Eigentum auf den Dritten \u00fcbergeht.<\/li>\n<li>Der Unternehmerkunde darf ohne Zustimmung von Draude, die Vorbehaltsware nicht verpf\u00e4nden oder diese zur Sicherung \u00fcbereigenen. Eine Verarbeitung oder Umbildung der Vorbehaltsware durch den Unternehmerkunden erfolgt ausschlie\u00dflich im Namen und im Interesse von Draude. Bei Pf\u00e4ndungen, Beschlagnahmen oder sonstigen Verf\u00fcgungen und Eingriffen Dritter hat der Unternehmerkunde Draude unverz\u00fcglich zu benachrichtigen.<\/li>\n<li>Der Unternehmerkunde tritt seine Forderungen aus der Weiterver\u00e4u\u00dferung der Vorbehaltsware einschlie\u00dflich aller Nebenrechte bereits jetzt in voller H\u00f6he im Voraus sicherungshalber an die vertragschlie\u00dfende Draude ab, die diese Abtretung annimmt. Bis auf Widerruf und solange sich der Unternehmerkunde nicht in Verzug befindet, ist der Unternehmerkunde berechtigt, die Draude abgetretenen Forderungen selbst einzuziehen; er ist jedoch nicht berechtigt, \u00fcber sie in anderer Weise, z.B. durch Abtretung, zu verf\u00fcgen.<\/li>\n<li>Auf Verlangen von Draude hat der Unternehmerkunde die Forderungsabtretung dem betreffenden Abnehmer bekannt zu machen und Draude die zur Geltendmachung ihrer Rechte gegen den Abnehmer erforderliche Unterlagen, z.B. Rechnungen, auszuh\u00e4ndigen und die erforderlichen Ausk\u00fcnfte zu erteilen. Draude wird die ihr zustehenden Sicherheiten auf Verlangen des Kunden nach Wahl von Draude freigeben, soweit deren Wert die zu sichernden Forderungen um mehr als 20 % \u00fcbersteigt.<\/li>\n<\/ul>\n<h4>4. Gew\u00e4hrleistung<\/h4>\n<ul class=\"text-liste\">\n<li>4.1 Es gelten die gesetzlichen Gew\u00e4hrleistungsrechte. Die Rechte aus einer etwaigen Garantie werden durch diese AGB weder ausgeschlossen noch beschr\u00e4nkt.<\/li>\n<li>4.2 Ist der Kunde Unternehmer entscheidet Draude \u00fcber die Art der Nacherf\u00fcllung und es gilt zus\u00e4tzlich \u00a7 377 HGB; im Fall der Ersatzlieferung sind die Kosten des Ausbaus der mangelhaften Sache und die Kosten des Einbaus der mangelfreien Ersatzsache vom Nacherf\u00fcllungsanspruch nicht erfasst.<\/li>\n<li>4.3 M\u00e4ngelanspr\u00fcche des Kunden, der Unternehmer ist, verj\u00e4hren in einem Jahr ab Lieferung.<\/li>\n<\/ul>\n<h4>5. Haftung<\/h4>\n<p>Schadenersatzanspr\u00fcche des Kunden sind ausgeschlossen, soweit nachfolgend nichts anderes bestimmt ist. Das gilt nicht soweit Draude nach zwingenden gesetzlichen Vorschriften (z.B. Produkthaftungsgesetz), bei Vorsatz, grober Fahrl\u00e4ssigkeit, wegen der Verletzung des Lebens, des K\u00f6rpers oder der Gesundheit oder wegen der Verletzung wesentlicher Vertragspflichten, d.h. Pflichten, die Draude dem Kunden nach Inhalt und Zweck des Vertrages gerade zu gew\u00e4hren hat oder deren Erf\u00fcllung die ordnungsgem\u00e4\u00dfe Durchf\u00fchrung des Vertrages \u00fcberhaupt erst erm\u00f6glicht und auf deren Einhaltung der Kunde regelm\u00e4\u00dfig vertraut und vertrauen darf, haftet. Ein Anspruch auf Schadenersatz wegen einer leicht fahrl\u00e4ssigen Verletzung wesentlicher Vertragspflichten ist auf den vertragstypischen, vorhersehbaren Schaden begrenzt.<\/p>\n<h3>D. Allgemeine Reparatur- und Montagebedingungen<\/h3>\n<p>Es gelten die Regelungen unter <strong>C<\/strong>. dieser AGB entsprechend, wenn nachfolgend keine abweichende Vereinbarung getroffen wurde. Die Bedingungen gelten nicht, wenn Reparaturen im Rahmen von M\u00e4ngelanspr\u00fcchen des Kunden ausgef\u00fchrt werden.<\/p>\n<h4>1. Kosten<\/h4>\n<ul class=\"text-liste\">\n<li>1.1 Verbindliche Kostenvoranschl\u00e4ge werden nur auf ausdr\u00fcckliche Anforderung des Kunden erstellt.<\/li>\n<li>1.2 Ein vom Vertragspartner gew\u00fcnschter Kostenvoranschlag ist nur verbindlich, wenn er von Draude schriftlich abgegeben und als verbindlich bezeichnet wird. F\u00fcr die zur Abgabe des Kostenvoranschlages erforderlichen Leistungen werden dem Kunden berechnet, soweit die Reparatur nicht durchgef\u00fchrt wird oder sie bei der Durchf\u00fchrung der Reparatur nicht verwertet werden k\u00f6nnen.<\/li>\n<li>1.3 Ergibt sich w\u00e4hrend der Reparatur, dass die zu erwartenden Kosten der Reparatur die unverbindlich veranschlagten Kosten \u00fcbersteigen und nicht in einem wirtschaftlich vertretbaren Verh\u00e4ltnis zum Zeitwert der zu reparierenden Sache stehen, wird Draude den Vertragspartner unverz\u00fcglich hier\u00fcber informieren. Gleiches gilt f\u00fcr M\u00e4ngel, die Draude erst bei Gelegenheit der Reparatur feststellt und die bislang nicht vom Umfang des Reparaturauftrages umfasst waren.<\/li>\n<li>1.4 Die Sache wird nach einem von Draude nicht zu vertretenden Abbruch einer Reparatur nur auf ausdr\u00fccklichen Wunsch des Kunden gegen Erstattung der hierdurch entstehenden Kosten wieder in den Ursprungszustand zur\u00fcckversetzt.<\/li>\n<li>1.5 Bei der Berechnung der Reparatur werden die Preise f\u00fcr verwendete Teile, Materialien und Sonderleistungen sowie die Preise f\u00fcr die Arbeitsleistungen, die Fahrt- und Transportkosten jeweils gesondert ausgewiesen. Wird die Reparatur aufgrund eines verbindlichen Kostenvoranschlages ausgef\u00fchrt, so gen\u00fcgt eine Bezugnahme auf den Kostenvoranschlag, wobei nur Abweichungen im Leistungsumfang besonders aufgef\u00fchrt werden.<\/li>\n<\/ul>\n<h4>2. Beendigung<\/h4>\n<p>K\u00fcndigt der Kunde den Vertrag, so hat er die bis dahin angefallenen Arbeiten und Kosten, einschlie\u00dflich der Aufwendungen f\u00fcr bestellte und bereits beschaffte Ersatzteile, zu bezahlen.<\/p>\n<h4>3. Zahlungen<\/h4>\n<p>Zahlungen sind nach Abnahme sofort und ohne Abzug f\u00e4llig. Draude kann bei Auftragserteilung eine angemessene Vorauszahlung verlangen.<\/p>\n<h4>4. Mitwirkungspflichten<\/h4>\n<ul class=\"text-liste\">\n<li>4.1 Der Kunde hat die Pflicht, f\u00fcr angemessene Arbeitsbedingungen und die Sicherheit am Ort der Reparatur bzw. Montage zu sorgen.<\/li>\n<li>4.2 Der Kunde ist verpflichtet die erforderliche Energie einschlie\u00dflich der erforderlichen Anschl\u00fcsse auf seine Kosten bereitzustellen. Er hat alle Materialien und Betriebsstoffe bereitzustellen und alle sonstigen Handlungen vorzunehmen, die zur Erprobung n\u00f6tig sind.<\/li>\n<li>4.3 Kommt der Kunde seinen Verpflichtungen nicht nach, so ist Draude berechtigt, aber nicht verpflichtet, an seiner Stelle und auf seine Kosten die Handlungen vorzunehmen.<\/li>\n<li>4.4 Die gesetzlichen Rechte und Anspr\u00fcche des Kunden bleiben im \u00dcbrigen unber\u00fchrt.<\/li>\n<\/ul>\n<h4>5. Frist f\u00fcr die Ausf\u00fchrung der Reparatur oder Montage<\/h4>\n<ul class=\"text-liste\">\n<li>5.1 Die Angaben von Draude \u00fcber Reparatur- oder Montagefristen beruhen auf Sch\u00e4tzungen und sind unverbindlich.<\/li>\n<li>5.2 In F\u00e4llen nicht voraussehbarer betrieblicher Behinderungen (z.B. Arbeitseinstellungen, Beschaffungsschwierigkeiten von Ersatzteilen, Lieferungs- oder Leistungsverzug von Zulieferanten) sowie bei beh\u00f6rdlichen Eingriffen, h\u00f6herer Gewalt und Arbeitsk\u00e4mpfen, verl\u00e4ngern sich auf verbindliche Fristen angemessen.<\/li>\n<\/ul>\n<h4>6. Abnahme der Reparatur oder Montage, \u00dcbernahme durch den Kunden<\/h4>\n<ul class=\"text-liste\">\n<li>6.1 Der Kunde ist zur Abnahme verpflichtet, sobald ihm die Fertigstellung angezeigt worden ist. Wegen unwesentlicher M\u00e4ngel kann die Abnahme nicht verweigert werden.<\/li>\n<li>6.2 Kommt der Kunde mit der Abnahme in Verzug, so gilt die Abnahme nach Ablauf von zw\u00f6lf Werktagen seit Anzeige der Fertigstellung als erfolgt. Hat der Kunde die Sache(n) ohne Abnahme in Benutzung genommen, gilt die Abnahme nach Ablauf von sechs Werktagen nach Beginn der Benutzung als erfolgt. Vorbehalte wegen erkennbarer M\u00e4ngel hat der Kunde in diesen F\u00e4llen sp\u00e4testens bis zu den vorstehend genannten Zeitpunkten geltend zu machen.<\/li>\n<\/ul>\n<h4>7. Erweitertes Pfandrecht<\/h4>\n<p>Draude steht wegen seinen Forderungen aus dem Werkvertrag ein Pfandrecht an dem aufgrund des Vertrages in seinen Besitz gelangten Reparatur- bzw. Montagegegenst\u00e4nden des Kunden zu. Das Pfandrecht kann auch wegen Forderungen aus fr\u00fcher durchgef\u00fchrten Arbeiten, Ersatzteillieferungen und sonstigen Leistungen geltend gemacht werden, soweit sie mit dem Auftragsgegenstand im Zusammenhang stehen. F\u00fcr sonstige Anspr\u00fcche aus der Gesch\u00e4ftsverbindung gilt das Pfandecht nur, soweit diese Anspr\u00fcche unbestritten oder rechtskr\u00e4ftig festgestellt sind.<\/p>\n<h4>8. Gew\u00e4hrleistung<\/h4>\n<p>Der Kunde hat einen Mangel der Reparatur oder Montage Draude unverz\u00fcglich mitzuteilen. Hat der Kunde ohne Einwilligung von Draude Instandsetzungs- oder Montagearbeiten unsachgem\u00e4\u00df selbst ausgef\u00fchrt oder von einem Dritten ausf\u00fchren lassen, so entf\u00e4llt die Haftung von Draude f\u00fcr diese Arbeiten. Das Gleiche gilt, wenn auf Wunsch des Kunden der Austausch von erneuerungsbed\u00fcrftigen Teilen unterbleibt.<\/p>\n<h3>E. Schlussbestimmungen<\/h3>\n<p>Draude ist nicht bereit oder verpflichtet, an einem Streitbeilegungsverfahren vor einer Verbraucherschlichtungsstelle teilzunehmen.<\/p>\n<p>Nach Entstehen einer Streitigkeit zwischen Draude und einem Verbraucher-Kunden, die nicht durch Verhandlungen mit dem Verbraucher-Kunden, zum Beispiel im Rahmen unseres Kundenbeschwerdesystems beigelegt werden konnte, k\u00f6nnen Verbraucher-Kunden grunds\u00e4tzlich die f\u00fcr allgemeine Verbraucherprobleme zust\u00e4ndige Allgemeine Verbraucherschlichtungsstelle des Zentrums f\u00fcr Schlichtung e.V. kontaktieren.<\/p>\n<p><strong>Kontakt:<\/strong><br \/>Allgemeine Verbraucherschlichtungsstelle des Zentrums f\u00fcr Schlichtung e.V.<br \/>Stra\u00dfburger Stra\u00dfe 8, 77694 Kehl am Rhein, mail@verbraucher-schlichter.de, Telefon 07851\/7957940, Fax 07851\/7957941<\/p>\n<h3>F. Geltendes Recht, Kontakt<\/h3>\n<p>Es gilt deutsches Recht unter Ausschluss des UN-Kaufrechts.<\/p>\n<p>\n<\/div><\/div><\/div><\/div><\/div><\/div><\/div><\/div><\/section>\n","protected":false},"excerpt":{"rendered":"","protected":false},"author":1,"featured_media":0,"parent":0,"menu_order":1100,"comment_status":"closed","ping_status":"closed","template":"","meta":{"footnotes":""},"_links":{"self":[{"href":"https:\/\/draude.de\/tischlerei\/wp-json\/wp\/v2\/pages\/1543"}],"collection":[{"href":"https:\/\/draude.de\/tischlerei\/wp-json\/wp\/v2\/pages"}],"about":[{"href":"https:\/\/draude.de\/tischlerei\/wp-json\/wp\/v2\/types\/page"}],"author":[{"embeddable":true,"href":"https:\/\/draude.de\/tischlerei\/wp-json\/wp\/v2\/users\/1"}],"replies":[{"embeddable":true,"href":"https:\/\/draude.de\/tischlerei\/wp-json\/wp\/v2\/comments?post=1543"}],"version-history":[{"count":15,"href":"https:\/\/draude.de\/tischlerei\/wp-json\/wp\/v2\/pages\/1543\/revisions"}],"predecessor-version":[{"id":1652,"href":"https:\/\/draude.de\/tischlerei\/wp-json\/wp\/v2\/pages\/1543\/revisions\/1652"}],"wp:attachment":[{"href":"https:\/\/draude.de\/tischlerei\/wp-json\/wp\/v2\/media?parent=1543"}],"curies":[{"name":"wp","href":"https:\/\/api.w.org\/{rel}","templated":true}]}}